{"id":4362,"date":"2021-04-04T00:49:33","date_gmt":"2021-04-03T22:49:33","guid":{"rendered":"https:\/\/adayinbassano.com\/?page_id=4362"},"modified":"2021-05-03T12:18:26","modified_gmt":"2021-05-03T10:18:26","slug":"ueberqueren-sie-die-kultige-holzbruecke","status":"publish","type":"page","link":"https:\/\/adayinbassano.com\/de\/die-10-besten-dinge-die-man-in-bassano-del-grappa-tun-kann\/ueberqueren-sie-die-kultige-holzbruecke\/","title":{"rendered":"\u00dcberqueren Sie die kultige Holzbr\u00fccke"},"content":{"rendered":"\t\t<div data-elementor-type=\"wp-page\" data-elementor-id=\"4362\" class=\"elementor elementor-4362\" data-elementor-post-type=\"page\">\n\t\t\t\t\t\t<section class=\"elementor-section elementor-top-section elementor-element elementor-element-6e50d9e7 elementor-section-boxed elementor-section-height-default elementor-section-height-default\" data-id=\"6e50d9e7\" data-element_type=\"section\">\n\t\t\t\t\t\t<div class=\"elementor-container elementor-column-gap-default\">\n\t\t\t\t\t<div class=\"elementor-column elementor-col-100 elementor-top-column elementor-element elementor-element-30f88ba6\" data-id=\"30f88ba6\" data-element_type=\"column\">\n\t\t\t<div class=\"elementor-widget-wrap elementor-element-populated\">\n\t\t\t\t\t\t<div class=\"elementor-element elementor-element-04cb426 elementor-widget elementor-widget-image\" data-id=\"04cb426\" data-element_type=\"widget\" data-widget_type=\"image.default\">\n\t\t\t\t<div class=\"elementor-widget-container\">\n\t\t\t<style>\/*! elementor - v3.21.0 - 26-05-2024 *\/\n.elementor-widget-image{text-align:center}.elementor-widget-image a{display:inline-block}.elementor-widget-image a img[src$=\".svg\"]{width:48px}.elementor-widget-image img{vertical-align:middle;display:inline-block}<\/style>\t\t\t\t\t\t\t\t\t\t<img fetchpriority=\"high\" decoding=\"async\" width=\"2048\" height=\"1229\" src=\"https:\/\/adayinbassano.com\/wp-content\/uploads\/2021\/04\/bridge-1.jpg\" class=\"attachment-full size-full wp-image-4098\" alt=\"Bassano del grappa town near Venice bridge and attractions\" srcset=\"https:\/\/adayinbassano.com\/wp-content\/uploads\/2021\/04\/bridge-1.jpg 2048w, https:\/\/adayinbassano.com\/wp-content\/uploads\/2021\/04\/bridge-1-300x180.jpg 300w, https:\/\/adayinbassano.com\/wp-content\/uploads\/2021\/04\/bridge-1-1024x615.jpg 1024w, https:\/\/adayinbassano.com\/wp-content\/uploads\/2021\/04\/bridge-1-768x461.jpg 768w, https:\/\/adayinbassano.com\/wp-content\/uploads\/2021\/04\/bridge-1-1536x922.jpg 1536w, https:\/\/adayinbassano.com\/wp-content\/uploads\/2021\/04\/bridge-1-440x264.jpg 440w\" sizes=\"(max-width: 2048px) 100vw, 2048px\" \/>\t\t\t\t\t\t\t\t\t\t\t\t\t<\/div>\n\t\t\t\t<\/div>\n\t\t\t\t<div class=\"elementor-element elementor-element-6d38635 elementor-widget elementor-widget-image\" data-id=\"6d38635\" data-element_type=\"widget\" data-widget_type=\"image.default\">\n\t\t\t\t<div class=\"elementor-widget-container\">\n\t\t\t\t\t\t\t\t\t\t\t\t\t<img decoding=\"async\" width=\"551\" height=\"371\" src=\"https:\/\/adayinbassano.com\/wp-content\/uploads\/2021\/04\/bassano-del-grappa-bridge.png\" class=\"attachment-full size-full wp-image-4164\" alt=\"\" srcset=\"https:\/\/adayinbassano.com\/wp-content\/uploads\/2021\/04\/bassano-del-grappa-bridge.png 551w, https:\/\/adayinbassano.com\/wp-content\/uploads\/2021\/04\/bassano-del-grappa-bridge-300x202.png 300w, https:\/\/adayinbassano.com\/wp-content\/uploads\/2021\/04\/bassano-del-grappa-bridge-440x296.png 440w\" sizes=\"(max-width: 551px) 100vw, 551px\" \/>\t\t\t\t\t\t\t\t\t\t\t\t\t<\/div>\n\t\t\t\t<\/div>\n\t\t\t\t<div class=\"elementor-element elementor-element-7a408b45 elementor-widget elementor-widget-text-editor\" data-id=\"7a408b45\" data-element_type=\"widget\" data-widget_type=\"text-editor.default\">\n\t\t\t\t<div class=\"elementor-widget-container\">\n\t\t\t<style>\/*! elementor - v3.21.0 - 26-05-2024 *\/\n.elementor-widget-text-editor.elementor-drop-cap-view-stacked .elementor-drop-cap{background-color:#69727d;color:#fff}.elementor-widget-text-editor.elementor-drop-cap-view-framed .elementor-drop-cap{color:#69727d;border:3px solid;background-color:transparent}.elementor-widget-text-editor:not(.elementor-drop-cap-view-default) .elementor-drop-cap{margin-top:8px}.elementor-widget-text-editor:not(.elementor-drop-cap-view-default) .elementor-drop-cap-letter{width:1em;height:1em}.elementor-widget-text-editor .elementor-drop-cap{float:left;text-align:center;line-height:1;font-size:50px}.elementor-widget-text-editor .elementor-drop-cap-letter{display:inline-block}<\/style>\t\t\t\t<p>Wenn Sie <strong>Bassano besuchen<\/strong>, sollten Sie die kultige Holzbr\u00fccke \u00fcberqueren. Die im Stadtzentrum liegende &#8220;Ponte Vecchio&#8221; (\u201ealte Br\u00fccke\u201c) \u00fcberquert den Fluss \u201eBrenta\u201c und ist das Wahrzeichen der Stadt. Seit ihrer Entstehung im 13. Jahrhundert wurde sie mehrfach umgebaut und ausgebessert.<\/p><p>Die Br\u00fccke tr\u00e4gt die unverkennbare Handschrift des vision\u00e4ren Renaissance-Architekten <a href=\"https:\/\/de.wikipedia.org\/wiki\/Andrea_Palladio\">Andrea Palladio<\/a> (1508 \u2013 1580) und wurde komplett aus Holz gebaut. Eine neuere Br\u00fccke \u00fcberquert den Fluss im S\u00fcden.<\/p><p>Die &#8220;Ponte Vecchio&#8221; gilt als Meisterwerk der Ingenieurskunst und ist selbst mit heutigen Technologien schwer zu rekonstruieren. Bei Restaurierungen in den letzten Jahren standen Baufirmen tats\u00e4chlich immer wieder vor der Schwierigkeit, das urspr\u00fcngliche Design zu rekonstruieren.<\/p><p>Sie tr\u00e4gt in der italienischen Geschichte eine besondere Bedeutung, da sie w\u00e4hrend des Ersten Weltkriegs von der auf Gebirgskrieg spezialisierten <a href=\"https:\/\/de.wikipedia.org\/wiki\/Alpini\">Alpini-Truppe<\/a> \u00fcberquert wurde.<\/p><p>\u00dcber die Br\u00fccke ist die Alpini-Truppe im Krieg 1915-1918 gegen \u00d6sterreich-Ungarn an die Front gelangt. W\u00e4hrend des Zweiten Weltkrieges wurde sie vom Partisanenaufstand gesprengt.<\/p><p>In der Regel beginnt jeder <a href=\"https:\/\/adayinbassano.com\/\"><strong>Besuch <\/strong><\/a><a href=\"https:\/\/adayinbassano.com\/\">in <\/a><a href=\"https:\/\/adayinbassano.com\/de\/\"><strong>Bassano<\/strong><\/a> mit einem Spaziergang \u00fcber die Br\u00fccke \u2013 sie ist eine absolute Touristenattraktion. Die &#8220;Ponte Vecchio bietet Touristen die Gelegenheit, auf die Berge zu Blicken und atemberaubende Fotos vom Panorama festzuhalten.<\/p><p>Die beeindruckende Aussicht ver\u00e4ndert sich in den verschiedenen Jahres- und Tageszeiten, je nachdem, wie die Lichtverh\u00e4ltnisse sind. Das macht die Br\u00fccke zum idealen Ort f\u00fcr Kunstschaffende und Fotografen, die das perfekte Foto von Stadt schie\u00dfen wollen.<\/p>\t\t\t\t\t\t<\/div>\n\t\t\t\t<\/div>\n\t\t\t\t\t<\/div>\n\t\t<\/div>\n\t\t\t\t\t<\/div>\n\t\t<\/section>\n\t\t\t\t<\/div>\n\t\t","protected":false},"excerpt":{"rendered":"<p>Wenn Sie Bassano besuchen, sollten Sie die kultige Holzbr\u00fccke \u00fcberqueren. Die im Stadtzentrum liegende &#8220;Ponte Vecchio&#8221; (\u201ealte Br\u00fccke\u201c) \u00fcberquert den Fluss \u201eBrenta\u201c und ist das Wahrzeichen der Stadt. Seit ihrer Entstehung im 13. Jahrhundert wurde sie mehrfach umgebaut und ausgebessert. Die Br\u00fccke tr\u00e4gt die unverkennbare Handschrift des vision\u00e4ren Renaissance-Architekten Andrea Palladio (1508 \u2013 1580) und &#8230; <a title=\"\u00dcberqueren Sie die kultige Holzbr\u00fccke\" class=\"read-more\" href=\"https:\/\/adayinbassano.com\/de\/die-10-besten-dinge-die-man-in-bassano-del-grappa-tun-kann\/ueberqueren-sie-die-kultige-holzbruecke\/\" aria-label=\"Mehr dazu unter \u00dcberqueren Sie die kultige Holzbr\u00fccke\">Weiterlesen<\/a><\/p>\n","protected":false},"author":3,"featured_media":4098,"parent":4346,"menu_order":0,"comment_status":"closed","ping_status":"closed","template":"elementor_header_footer","meta":{"_acf_changed":false,"_monsterinsights_skip_tracking":false,"_monsterinsights_sitenote_active":false,"_monsterinsights_sitenote_note":"","_monsterinsights_sitenote_category":0,"_joinchat":[],"footnotes":""},"acf":[],"_links":{"self":[{"href":"https:\/\/adayinbassano.com\/de\/wp-json\/wp\/v2\/pages\/4362"}],"collection":[{"href":"https:\/\/adayinbassano.com\/de\/wp-json\/wp\/v2\/pages"}],"about":[{"href":"https:\/\/adayinbassano.com\/de\/wp-json\/wp\/v2\/types\/page"}],"author":[{"embeddable":true,"href":"https:\/\/adayinbassano.com\/de\/wp-json\/wp\/v2\/users\/3"}],"replies":[{"embeddable":true,"href":"https:\/\/adayinbassano.com\/de\/wp-json\/wp\/v2\/comments?post=4362"}],"version-history":[{"count":8,"href":"https:\/\/adayinbassano.com\/de\/wp-json\/wp\/v2\/pages\/4362\/revisions"}],"predecessor-version":[{"id":4814,"href":"https:\/\/adayinbassano.com\/de\/wp-json\/wp\/v2\/pages\/4362\/revisions\/4814"}],"up":[{"embeddable":true,"href":"https:\/\/adayinbassano.com\/de\/wp-json\/wp\/v2\/pages\/4346"}],"wp:featuredmedia":[{"embeddable":true,"href":"https:\/\/adayinbassano.com\/de\/wp-json\/wp\/v2\/media\/4098"}],"wp:attachment":[{"href":"https:\/\/adayinbassano.com\/de\/wp-json\/wp\/v2\/media?parent=4362"}],"curies":[{"name":"wp","href":"https:\/\/api.w.org\/{rel}","templated":true}]}}