{"id":4361,"date":"2021-04-04T00:50:44","date_gmt":"2021-04-03T22:50:44","guid":{"rendered":"https:\/\/adayinbassano.com\/?page_id=4361"},"modified":"2021-05-03T11:45:21","modified_gmt":"2021-05-03T09:45:21","slug":"wo-kann-man-den-besten-grappa-in-italien-trinken","status":"publish","type":"page","link":"https:\/\/adayinbassano.com\/de\/die-10-besten-dinge-die-man-in-bassano-del-grappa-tun-kann\/wo-kann-man-den-besten-grappa-in-italien-trinken\/","title":{"rendered":"In dieser Stadt trinkt man die beste Grappa in Italien"},"content":{"rendered":"\t\t<div data-elementor-type=\"wp-page\" data-elementor-id=\"4361\" class=\"elementor elementor-4361\" data-elementor-post-type=\"page\">\n\t\t\t\t\t\t<section class=\"elementor-section elementor-top-section elementor-element elementor-element-622ed44b elementor-section-boxed elementor-section-height-default elementor-section-height-default\" data-id=\"622ed44b\" data-element_type=\"section\">\n\t\t\t\t\t\t<div class=\"elementor-container elementor-column-gap-default\">\n\t\t\t\t\t<div class=\"elementor-column elementor-col-100 elementor-top-column elementor-element elementor-element-5abd38b3\" data-id=\"5abd38b3\" data-element_type=\"column\">\n\t\t\t<div class=\"elementor-widget-wrap elementor-element-populated\">\n\t\t\t\t\t\t<div class=\"elementor-element elementor-element-db1be47 elementor-widget elementor-widget-image\" data-id=\"db1be47\" data-element_type=\"widget\" data-widget_type=\"image.default\">\n\t\t\t\t<div class=\"elementor-widget-container\">\n\t\t\t<style>\/*! elementor - v3.21.0 - 26-05-2024 *\/\n.elementor-widget-image{text-align:center}.elementor-widget-image a{display:inline-block}.elementor-widget-image a img[src$=\".svg\"]{width:48px}.elementor-widget-image img{vertical-align:middle;display:inline-block}<\/style>\t\t\t\t\t\t\t\t\t\t<img fetchpriority=\"high\" decoding=\"async\" width=\"2048\" height=\"1360\" src=\"https:\/\/adayinbassano.com\/wp-content\/uploads\/2021\/04\/distilleries2-1.jpg\" class=\"attachment-full size-full wp-image-4095\" alt=\"Poli Grappa museum in bassano del grappa italy\" srcset=\"https:\/\/adayinbassano.com\/wp-content\/uploads\/2021\/04\/distilleries2-1.jpg 2048w, https:\/\/adayinbassano.com\/wp-content\/uploads\/2021\/04\/distilleries2-1-300x199.jpg 300w, https:\/\/adayinbassano.com\/wp-content\/uploads\/2021\/04\/distilleries2-1-1024x680.jpg 1024w, https:\/\/adayinbassano.com\/wp-content\/uploads\/2021\/04\/distilleries2-1-768x510.jpg 768w, https:\/\/adayinbassano.com\/wp-content\/uploads\/2021\/04\/distilleries2-1-1536x1020.jpg 1536w, https:\/\/adayinbassano.com\/wp-content\/uploads\/2021\/04\/distilleries2-1-700x466.jpg 700w, https:\/\/adayinbassano.com\/wp-content\/uploads\/2021\/04\/distilleries2-1-440x292.jpg 440w\" sizes=\"(max-width: 2048px) 100vw, 2048px\" \/>\t\t\t\t\t\t\t\t\t\t\t\t\t<\/div>\n\t\t\t\t<\/div>\n\t\t\t\t<div class=\"elementor-element elementor-element-0ec2f9c elementor-widget elementor-widget-image\" data-id=\"0ec2f9c\" data-element_type=\"widget\" data-widget_type=\"image.default\">\n\t\t\t\t<div class=\"elementor-widget-container\">\n\t\t\t\t\t\t\t\t\t\t\t\t\t<img decoding=\"async\" width=\"551\" height=\"371\" src=\"https:\/\/adayinbassano.com\/wp-content\/uploads\/2021\/04\/fancy-cocktail.png\" class=\"attachment-full size-full wp-image-4170\" alt=\"\" srcset=\"https:\/\/adayinbassano.com\/wp-content\/uploads\/2021\/04\/fancy-cocktail.png 551w, https:\/\/adayinbassano.com\/wp-content\/uploads\/2021\/04\/fancy-cocktail-300x202.png 300w, https:\/\/adayinbassano.com\/wp-content\/uploads\/2021\/04\/fancy-cocktail-440x296.png 440w\" sizes=\"(max-width: 551px) 100vw, 551px\" \/>\t\t\t\t\t\t\t\t\t\t\t\t\t<\/div>\n\t\t\t\t<\/div>\n\t\t\t\t<div class=\"elementor-element elementor-element-1ece47aa elementor-widget elementor-widget-text-editor\" data-id=\"1ece47aa\" data-element_type=\"widget\" data-widget_type=\"text-editor.default\">\n\t\t\t\t<div class=\"elementor-widget-container\">\n\t\t\t<style>\/*! elementor - v3.21.0 - 26-05-2024 *\/\n.elementor-widget-text-editor.elementor-drop-cap-view-stacked .elementor-drop-cap{background-color:#69727d;color:#fff}.elementor-widget-text-editor.elementor-drop-cap-view-framed .elementor-drop-cap{color:#69727d;border:3px solid;background-color:transparent}.elementor-widget-text-editor:not(.elementor-drop-cap-view-default) .elementor-drop-cap{margin-top:8px}.elementor-widget-text-editor:not(.elementor-drop-cap-view-default) .elementor-drop-cap-letter{width:1em;height:1em}.elementor-widget-text-editor .elementor-drop-cap{float:left;text-align:center;line-height:1;font-size:50px}.elementor-widget-text-editor .elementor-drop-cap-letter{display:inline-block}<\/style>\t\t\t\t<p>Am \u00f6stlichen Ende der Br\u00fccke versammeln sich die Einheimischen zur Happy Hour bei Nardini, der \u00e4ltesten Brennerei Italiens, welche auf das Jahr 1779 zur\u00fcckgeht und immer noch Drinks in urspr\u00fcnglicher Retro-Atmosph\u00e4re serviert.<\/p><p>Bei einem <strong>Besuch <\/strong>in <strong>Bassano <\/strong>sollten Sie neben der umfangreichen Spirituosenauswahl unbedingt die bittere Hausspezialit\u00e4t, den &#8220;mezzo e mezzo&#8221;, oder ein &#8220;acqua di cedro&#8221; (Zedernwasser) bestellen.<\/p><p>Ein paar Schritte weiter befindet sich das Grappa-Museum des Konkurrenten \u201ePoli\u201c, in dem Sie bei freiem Eintritt praktisch unz\u00e4hlige Grappa-Sorten riechen und testen k\u00f6nnen.<\/p>\t\t\t\t\t\t<\/div>\n\t\t\t\t<\/div>\n\t\t\t\t\t<\/div>\n\t\t<\/div>\n\t\t\t\t\t<\/div>\n\t\t<\/section>\n\t\t\t\t<\/div>\n\t\t","protected":false},"excerpt":{"rendered":"<p>Am \u00f6stlichen Ende der Br\u00fccke versammeln sich die Einheimischen zur Happy Hour bei Nardini, der \u00e4ltesten Brennerei Italiens, welche auf das Jahr 1779 zur\u00fcckgeht und immer noch Drinks in urspr\u00fcnglicher Retro-Atmosph\u00e4re serviert. Bei einem Besuch in Bassano sollten Sie neben der umfangreichen Spirituosenauswahl unbedingt die bittere Hausspezialit\u00e4t, den &#8220;mezzo e mezzo&#8221;, oder ein &#8220;acqua di &#8230; <a title=\"In dieser Stadt trinkt man die beste Grappa in Italien\" class=\"read-more\" href=\"https:\/\/adayinbassano.com\/de\/die-10-besten-dinge-die-man-in-bassano-del-grappa-tun-kann\/wo-kann-man-den-besten-grappa-in-italien-trinken\/\" aria-label=\"Mehr dazu unter In dieser Stadt trinkt man die beste Grappa in Italien\">Weiterlesen<\/a><\/p>\n","protected":false},"author":3,"featured_media":4095,"parent":4346,"menu_order":0,"comment_status":"closed","ping_status":"closed","template":"elementor_header_footer","meta":{"_acf_changed":false,"_monsterinsights_skip_tracking":false,"_monsterinsights_sitenote_active":false,"_monsterinsights_sitenote_note":"","_monsterinsights_sitenote_category":0,"_joinchat":[],"footnotes":""},"acf":[],"_links":{"self":[{"href":"https:\/\/adayinbassano.com\/de\/wp-json\/wp\/v2\/pages\/4361"}],"collection":[{"href":"https:\/\/adayinbassano.com\/de\/wp-json\/wp\/v2\/pages"}],"about":[{"href":"https:\/\/adayinbassano.com\/de\/wp-json\/wp\/v2\/types\/page"}],"author":[{"embeddable":true,"href":"https:\/\/adayinbassano.com\/de\/wp-json\/wp\/v2\/users\/3"}],"replies":[{"embeddable":true,"href":"https:\/\/adayinbassano.com\/de\/wp-json\/wp\/v2\/comments?post=4361"}],"version-history":[{"count":6,"href":"https:\/\/adayinbassano.com\/de\/wp-json\/wp\/v2\/pages\/4361\/revisions"}],"predecessor-version":[{"id":4801,"href":"https:\/\/adayinbassano.com\/de\/wp-json\/wp\/v2\/pages\/4361\/revisions\/4801"}],"up":[{"embeddable":true,"href":"https:\/\/adayinbassano.com\/de\/wp-json\/wp\/v2\/pages\/4346"}],"wp:featuredmedia":[{"embeddable":true,"href":"https:\/\/adayinbassano.com\/de\/wp-json\/wp\/v2\/media\/4095"}],"wp:attachment":[{"href":"https:\/\/adayinbassano.com\/de\/wp-json\/wp\/v2\/media?parent=4361"}],"curies":[{"name":"wp","href":"https:\/\/api.w.org\/{rel}","templated":true}]}}