{"id":4360,"date":"2021-04-04T00:50:55","date_gmt":"2021-04-03T22:50:55","guid":{"rendered":"https:\/\/adayinbassano.com\/?page_id=4360"},"modified":"2021-05-03T12:02:51","modified_gmt":"2021-05-03T10:02:51","slug":"geniessen-sie-die-beste-pizzetta-die-sie-je-kosten-werden","status":"publish","type":"page","link":"https:\/\/adayinbassano.com\/de\/die-10-besten-dinge-die-man-in-bassano-del-grappa-tun-kann\/geniessen-sie-die-beste-pizzetta-die-sie-je-kosten-werden\/","title":{"rendered":"Genie\u00dfen Sie die beste Pizzetta, die Sie je kosten werden"},"content":{"rendered":"\t\t<div data-elementor-type=\"wp-page\" data-elementor-id=\"4360\" class=\"elementor elementor-4360\" data-elementor-post-type=\"page\">\n\t\t\t\t\t\t<section class=\"elementor-section elementor-top-section elementor-element elementor-element-1c09a226 elementor-section-boxed elementor-section-height-default elementor-section-height-default\" data-id=\"1c09a226\" data-element_type=\"section\">\n\t\t\t\t\t\t<div class=\"elementor-container elementor-column-gap-default\">\n\t\t\t\t\t<div class=\"elementor-column elementor-col-100 elementor-top-column elementor-element elementor-element-316d4819\" data-id=\"316d4819\" data-element_type=\"column\">\n\t\t\t<div class=\"elementor-widget-wrap elementor-element-populated\">\n\t\t\t\t\t\t<div class=\"elementor-element elementor-element-84244c0 elementor-widget elementor-widget-image\" data-id=\"84244c0\" data-element_type=\"widget\" data-widget_type=\"image.default\">\n\t\t\t\t<div class=\"elementor-widget-container\">\n\t\t\t<style>\/*! elementor - v3.21.0 - 26-05-2024 *\/\n.elementor-widget-image{text-align:center}.elementor-widget-image a{display:inline-block}.elementor-widget-image a img[src$=\".svg\"]{width:48px}.elementor-widget-image img{vertical-align:middle;display:inline-block}<\/style>\t\t\t\t\t\t\t\t\t\t<img fetchpriority=\"high\" decoding=\"async\" width=\"2048\" height=\"1007\" src=\"https:\/\/adayinbassano.com\/wp-content\/uploads\/2021\/04\/moodboardbassano1.jpg\" class=\"attachment-full size-full wp-image-3280\" alt=\"\" srcset=\"https:\/\/adayinbassano.com\/wp-content\/uploads\/2021\/04\/moodboardbassano1.jpg 2048w, https:\/\/adayinbassano.com\/wp-content\/uploads\/2021\/04\/moodboardbassano1-300x148.jpg 300w, https:\/\/adayinbassano.com\/wp-content\/uploads\/2021\/04\/moodboardbassano1-1024x504.jpg 1024w, https:\/\/adayinbassano.com\/wp-content\/uploads\/2021\/04\/moodboardbassano1-768x378.jpg 768w, https:\/\/adayinbassano.com\/wp-content\/uploads\/2021\/04\/moodboardbassano1-1536x755.jpg 1536w, https:\/\/adayinbassano.com\/wp-content\/uploads\/2021\/04\/moodboardbassano1-440x216.jpg 440w\" sizes=\"(max-width: 2048px) 100vw, 2048px\" \/>\t\t\t\t\t\t\t\t\t\t\t\t\t<\/div>\n\t\t\t\t<\/div>\n\t\t\t\t<div class=\"elementor-element elementor-element-a9be623 elementor-widget elementor-widget-image\" data-id=\"a9be623\" data-element_type=\"widget\" data-widget_type=\"image.default\">\n\t\t\t\t<div class=\"elementor-widget-container\">\n\t\t\t\t\t\t\t\t\t\t\t\t\t<img decoding=\"async\" width=\"551\" height=\"371\" src=\"https:\/\/adayinbassano.com\/wp-content\/uploads\/2021\/04\/italian-pizza.png\" class=\"attachment-full size-full wp-image-4176\" alt=\"\" srcset=\"https:\/\/adayinbassano.com\/wp-content\/uploads\/2021\/04\/italian-pizza.png 551w, https:\/\/adayinbassano.com\/wp-content\/uploads\/2021\/04\/italian-pizza-300x202.png 300w, https:\/\/adayinbassano.com\/wp-content\/uploads\/2021\/04\/italian-pizza-440x296.png 440w\" sizes=\"(max-width: 551px) 100vw, 551px\" \/>\t\t\t\t\t\t\t\t\t\t\t\t\t<\/div>\n\t\t\t\t<\/div>\n\t\t\t\t<div class=\"elementor-element elementor-element-3b8582ec elementor-widget elementor-widget-text-editor\" data-id=\"3b8582ec\" data-element_type=\"widget\" data-widget_type=\"text-editor.default\">\n\t\t\t\t<div class=\"elementor-widget-container\">\n\t\t\t<style>\/*! elementor - v3.21.0 - 26-05-2024 *\/\n.elementor-widget-text-editor.elementor-drop-cap-view-stacked .elementor-drop-cap{background-color:#69727d;color:#fff}.elementor-widget-text-editor.elementor-drop-cap-view-framed .elementor-drop-cap{color:#69727d;border:3px solid;background-color:transparent}.elementor-widget-text-editor:not(.elementor-drop-cap-view-default) .elementor-drop-cap{margin-top:8px}.elementor-widget-text-editor:not(.elementor-drop-cap-view-default) .elementor-drop-cap-letter{width:1em;height:1em}.elementor-widget-text-editor .elementor-drop-cap{float:left;text-align:center;line-height:1;font-size:50px}.elementor-widget-text-editor .elementor-drop-cap-letter{display:inline-block}<\/style>\t\t\t\t<p>In der Kolonnade zwischen den beiden gro\u00dfen Pl\u00e4tzen betreibt die Familie Beltrame ihre &#8220;<a href=\"https:\/\/www.bottegadelpane.com\/\">Bottega del Pane<\/a>&#8220;. Die alte B\u00e4ckerei ist bei Einheimischen und Kunden aus den umliegenden St\u00e4dten vor allem wegen seiner kultigen &#8220;Pizzetta&#8221; (\u201ekleine Pizza\u201c) bekannt und bietet dar\u00fcber hinaus noch andere k\u00f6stliche Backwaren von hervorragender Qualit\u00e4t.<\/p>\t\t\t\t\t\t<\/div>\n\t\t\t\t<\/div>\n\t\t\t\t\t<\/div>\n\t\t<\/div>\n\t\t\t\t\t<\/div>\n\t\t<\/section>\n\t\t\t\t<\/div>\n\t\t","protected":false},"excerpt":{"rendered":"<p>In der Kolonnade zwischen den beiden gro\u00dfen Pl\u00e4tzen betreibt die Familie Beltrame ihre &#8220;Bottega del Pane&#8220;. Die alte B\u00e4ckerei ist bei Einheimischen und Kunden aus den umliegenden St\u00e4dten vor allem wegen seiner kultigen &#8220;Pizzetta&#8221; (\u201ekleine Pizza\u201c) bekannt und bietet dar\u00fcber hinaus noch andere k\u00f6stliche Backwaren von hervorragender Qualit\u00e4t.<\/p>\n","protected":false},"author":3,"featured_media":3280,"parent":4346,"menu_order":0,"comment_status":"closed","ping_status":"closed","template":"elementor_header_footer","meta":{"_acf_changed":false,"_monsterinsights_skip_tracking":false,"_monsterinsights_sitenote_active":false,"_monsterinsights_sitenote_note":"","_monsterinsights_sitenote_category":0,"_joinchat":[],"footnotes":""},"acf":[],"_links":{"self":[{"href":"https:\/\/adayinbassano.com\/de\/wp-json\/wp\/v2\/pages\/4360"}],"collection":[{"href":"https:\/\/adayinbassano.com\/de\/wp-json\/wp\/v2\/pages"}],"about":[{"href":"https:\/\/adayinbassano.com\/de\/wp-json\/wp\/v2\/types\/page"}],"author":[{"embeddable":true,"href":"https:\/\/adayinbassano.com\/de\/wp-json\/wp\/v2\/users\/3"}],"replies":[{"embeddable":true,"href":"https:\/\/adayinbassano.com\/de\/wp-json\/wp\/v2\/comments?post=4360"}],"version-history":[{"count":5,"href":"https:\/\/adayinbassano.com\/de\/wp-json\/wp\/v2\/pages\/4360\/revisions"}],"predecessor-version":[{"id":4810,"href":"https:\/\/adayinbassano.com\/de\/wp-json\/wp\/v2\/pages\/4360\/revisions\/4810"}],"up":[{"embeddable":true,"href":"https:\/\/adayinbassano.com\/de\/wp-json\/wp\/v2\/pages\/4346"}],"wp:featuredmedia":[{"embeddable":true,"href":"https:\/\/adayinbassano.com\/de\/wp-json\/wp\/v2\/media\/3280"}],"wp:attachment":[{"href":"https:\/\/adayinbassano.com\/de\/wp-json\/wp\/v2\/media?parent=4360"}],"curies":[{"name":"wp","href":"https:\/\/api.w.org\/{rel}","templated":true}]}}