{"id":4359,"date":"2021-04-04T00:50:56","date_gmt":"2021-04-03T22:50:56","guid":{"rendered":"https:\/\/adayinbassano.com\/?page_id=4359"},"modified":"2021-05-03T11:52:24","modified_gmt":"2021-05-03T09:52:24","slug":"das-nachtleben-von-bassano-restaurants-und-bars","status":"publish","type":"page","link":"https:\/\/adayinbassano.com\/de\/die-10-besten-dinge-die-man-in-bassano-del-grappa-tun-kann\/das-nachtleben-von-bassano-restaurants-und-bars\/","title":{"rendered":"Nightlife in Bassano: die best Restaurants und Bars"},"content":{"rendered":"\t\t<div data-elementor-type=\"wp-page\" data-elementor-id=\"4359\" class=\"elementor elementor-4359\" data-elementor-post-type=\"page\">\n\t\t\t\t\t\t<section class=\"elementor-section elementor-top-section elementor-element elementor-element-6f7a716a elementor-section-boxed elementor-section-height-default elementor-section-height-default\" data-id=\"6f7a716a\" data-element_type=\"section\">\n\t\t\t\t\t\t<div class=\"elementor-container elementor-column-gap-default\">\n\t\t\t\t\t<div class=\"elementor-column elementor-col-100 elementor-top-column elementor-element elementor-element-4a891ed5\" data-id=\"4a891ed5\" data-element_type=\"column\">\n\t\t\t<div class=\"elementor-widget-wrap elementor-element-populated\">\n\t\t\t\t\t\t<div class=\"elementor-element elementor-element-f7f2685 elementor-widget elementor-widget-image\" data-id=\"f7f2685\" data-element_type=\"widget\" data-widget_type=\"image.default\">\n\t\t\t\t<div class=\"elementor-widget-container\">\n\t\t\t<style>\/*! elementor - v3.21.0 - 26-05-2024 *\/\n.elementor-widget-image{text-align:center}.elementor-widget-image a{display:inline-block}.elementor-widget-image a img[src$=\".svg\"]{width:48px}.elementor-widget-image img{vertical-align:middle;display:inline-block}<\/style>\t\t\t\t\t\t\t\t\t\t<img fetchpriority=\"high\" decoding=\"async\" width=\"2048\" height=\"1229\" src=\"https:\/\/adayinbassano.com\/wp-content\/uploads\/2021\/03\/nightlife.jpg\" class=\"attachment-full size-full wp-image-2906\" alt=\"night panorama of bridge in bassano del grappa near Venice Italy\" srcset=\"https:\/\/adayinbassano.com\/wp-content\/uploads\/2021\/03\/nightlife.jpg 2048w, https:\/\/adayinbassano.com\/wp-content\/uploads\/2021\/03\/nightlife-300x180.jpg 300w, https:\/\/adayinbassano.com\/wp-content\/uploads\/2021\/03\/nightlife-1024x615.jpg 1024w, https:\/\/adayinbassano.com\/wp-content\/uploads\/2021\/03\/nightlife-768x461.jpg 768w, https:\/\/adayinbassano.com\/wp-content\/uploads\/2021\/03\/nightlife-1536x922.jpg 1536w, https:\/\/adayinbassano.com\/wp-content\/uploads\/2021\/03\/nightlife-440x264.jpg 440w, https:\/\/adayinbassano.com\/wp-content\/uploads\/2021\/03\/nightlife-600x360.jpg 600w\" sizes=\"(max-width: 2048px) 100vw, 2048px\" \/>\t\t\t\t\t\t\t\t\t\t\t\t\t<\/div>\n\t\t\t\t<\/div>\n\t\t\t\t<div class=\"elementor-element elementor-element-2d40720 elementor-widget elementor-widget-image\" data-id=\"2d40720\" data-element_type=\"widget\" data-widget_type=\"image.default\">\n\t\t\t\t<div class=\"elementor-widget-container\">\n\t\t\t\t\t\t\t\t\t\t\t\t\t<img decoding=\"async\" width=\"551\" height=\"371\" src=\"https:\/\/adayinbassano.com\/wp-content\/uploads\/2021\/04\/fancy-dish.png\" class=\"attachment-full size-full wp-image-4131\" alt=\"\" srcset=\"https:\/\/adayinbassano.com\/wp-content\/uploads\/2021\/04\/fancy-dish.png 551w, https:\/\/adayinbassano.com\/wp-content\/uploads\/2021\/04\/fancy-dish-300x202.png 300w, https:\/\/adayinbassano.com\/wp-content\/uploads\/2021\/04\/fancy-dish-440x296.png 440w\" sizes=\"(max-width: 551px) 100vw, 551px\" \/>\t\t\t\t\t\t\t\t\t\t\t\t\t<\/div>\n\t\t\t\t<\/div>\n\t\t\t\t<div class=\"elementor-element elementor-element-1343bc7d elementor-widget elementor-widget-text-editor\" data-id=\"1343bc7d\" data-element_type=\"widget\" data-widget_type=\"text-editor.default\">\n\t\t\t\t<div class=\"elementor-widget-container\">\n\t\t\t<style>\/*! elementor - v3.21.0 - 26-05-2024 *\/\n.elementor-widget-text-editor.elementor-drop-cap-view-stacked .elementor-drop-cap{background-color:#69727d;color:#fff}.elementor-widget-text-editor.elementor-drop-cap-view-framed .elementor-drop-cap{color:#69727d;border:3px solid;background-color:transparent}.elementor-widget-text-editor:not(.elementor-drop-cap-view-default) .elementor-drop-cap{margin-top:8px}.elementor-widget-text-editor:not(.elementor-drop-cap-view-default) .elementor-drop-cap-letter{width:1em;height:1em}.elementor-widget-text-editor .elementor-drop-cap{float:left;text-align:center;line-height:1;font-size:50px}.elementor-widget-text-editor .elementor-drop-cap-letter{display:inline-block}<\/style>\t\t\t\t<p>Das \u00e4u\u00dferst pulsierende und lebhafte Nachtleben von Bassano bietet sehr interessante Ausgehoptionen f\u00fcr Menschen jeden Alters und jeder Pr\u00e4ferenz. Die \u00fcber das gesamte Stadtzentrum verteilten Bars und Treffpunkte halten einzigartige Erlebnisse im geschmackvollen Rahmen bereit.<\/p><p>So hat das k\u00fcrzlich er\u00f6ffnete \u201e Palazzo delle Misture\u201c beispielsweise ein durchg\u00e4ngiges \u201eFin-de-Siecle-Flair\u201c. Vor allem, weil er das wundersch\u00f6ne Retro-Design der Innenr\u00e4ume mit exotischen Cocktails kombiniert, die von der kulturellen Avantgarde des letzten Jahrhunderts inspiriert sind.<\/p><p>F\u00fcr die 20- und 30-J\u00e4hrigen ist die \u201eLeon Bar\u201c die erste Adresse, um die N\u00e4chte in Bassano zu beginnen. Und wer die Indie- und Hipster-Szene bevorzugt, wird sich vor allem in der Bar \u201eOfficina del Gusto\u201c sehr wohlf\u00fchlen.<\/p><p>Weitere tolle Optionen bieten Gastst\u00e4tten, Bierg\u00e4rten und andere angesagte Lokalit\u00e4ten. Wenn Sie <strong>Bassano<\/strong> <strong>besuchen, <\/strong>sollten Sie am besten immer die Einheimischen nach ihren Empfehlungen fragen, <a href=\"https:\/\/adayinbassano.com\/de\/die-10-besten-dinge-die-man-in-bassano-del-grappa-tun-kann\/\">was man am Abend am besten in Bassano machen kann<\/a>.<\/p><p>Auch in Bezug auf Restaurants hat das Nachtleben von Bassano viel zu bieten. Die Auswahl ist vielf\u00e4ltig: Wer es etwas Ausgefalleneres mag, dem k\u00f6nnen wir unser pers\u00f6nliches Lieblingslokal, das <a href=\"https:\/\/www.hisyou.it\/\">HisYou<\/a>, empfehlen. Es ist zwar kein Restaurant, das typisch f\u00fcr Bassano ist, aber die Sashimi-Schnitte auf einer B\u00fcffel-Mozzarella-Basis, die sizilianischen roten Garnelen und die Chilli-Garnelen sollten Sie sich definitiv nicht entgehen lassen.<\/p><p>Wer ein etwas traditionellere italienisches Restaurant bevorzugt, dem empfehlen wir Restaurants wie \u201eOttone\u201c. Aber auch auf der Suche nach frischen und hippen Lokalen werden Sie f\u00fcndig \u2013 beispielsweise im \u201e<a href=\"https:\/\/www.garagenardini.it\/\">Nardini Garage<\/a>\u201c.<\/p><p>Sie finden bei Ihrem <strong>Besuch<\/strong> in <strong>Bassano<\/strong> v\u00f6llig problemlos gute Restaurants: Da die Qualit\u00e4t des Essens im Allgemeinen sehr hoch ist, brauchen Sie im Grunde genommen so gut wie keine Touristenfallen zu bef\u00fcrchten. Selbiges gilt \u00fcbrigens auch f\u00fcr die umliegenden St\u00e4dte \u2013 empfehlenswert w\u00e4re in diesem Zusammenhang zum Beispiel das \u201eHabitat Bistrot\u201c, welches im Industriestil gehalten ist.<\/p><p>Wenn Sie auf der Suche nach einer besonders luxuri\u00f6sen Erfahrung sind, k\u00f6nnen wir Ihnen das Restaurant \u201e<a href=\"https:\/\/improntaristorante.it\/\">l&#8217;Impronta<\/a>\u201c mit seinem erstklassigen Essen und \u00e4u\u00dferst schicken Interieur sehr ans Herz legen. Es ist wahrscheinlich das schickste Restaurant der Stadt.<\/p><p>Bedenken Sie bitte immer, dass der maximale Promillewert zum Bewegen eines Fahrzeuges bei 0,5 % liegt. Vermeiden Sie es auf jeden Fall, nach dem Ausgehen mit dem Auto zu fahren \u2013 bei einer Gesetzes\u00fcberschreitung m\u00fcssen Sie mit einer Polizeikontrolle und den damit einhegenden, empfindlichen Strafen rechnen.<\/p><p>Wir raten Ihnen, eine <a href=\"https:\/\/adayinbassano.com\/de\/our-rooms\/\">Unterkunft im Zentrum von Bassano<\/a> zu beziehen, sodass Sie erst gar nicht mit dem Auto fahren m\u00fcssen. In diesem Zusammenhang sollten Sie vor allem das \u201eRelais nel Castello\u201c\u00a0 in Erw\u00e4gung ziehen \u2013 es ist aufgrund seiner perfekten Lage das optimale Airbnb, um alle Attraktionen der Stadt m\u00f6glichst schnell und gem\u00fctlich zu Fu\u00df erreichen zu k\u00f6nnen.<\/p>\t\t\t\t\t\t<\/div>\n\t\t\t\t<\/div>\n\t\t\t\t\t<\/div>\n\t\t<\/div>\n\t\t\t\t\t<\/div>\n\t\t<\/section>\n\t\t\t\t<\/div>\n\t\t","protected":false},"excerpt":{"rendered":"<p>Das \u00e4u\u00dferst pulsierende und lebhafte Nachtleben von Bassano bietet sehr interessante Ausgehoptionen f\u00fcr Menschen jeden Alters und jeder Pr\u00e4ferenz. Die \u00fcber das gesamte Stadtzentrum verteilten Bars und Treffpunkte halten einzigartige Erlebnisse im geschmackvollen Rahmen bereit. So hat das k\u00fcrzlich er\u00f6ffnete \u201e Palazzo delle Misture\u201c beispielsweise ein durchg\u00e4ngiges \u201eFin-de-Siecle-Flair\u201c. Vor allem, weil er das wundersch\u00f6ne Retro-Design &#8230; <a title=\"Nightlife in Bassano: die best Restaurants und Bars\" class=\"read-more\" href=\"https:\/\/adayinbassano.com\/de\/die-10-besten-dinge-die-man-in-bassano-del-grappa-tun-kann\/das-nachtleben-von-bassano-restaurants-und-bars\/\" aria-label=\"Mehr dazu unter Nightlife in Bassano: die best Restaurants und Bars\">Weiterlesen<\/a><\/p>\n","protected":false},"author":3,"featured_media":2906,"parent":4346,"menu_order":0,"comment_status":"closed","ping_status":"closed","template":"elementor_header_footer","meta":{"_acf_changed":false,"_monsterinsights_skip_tracking":false,"_monsterinsights_sitenote_active":false,"_monsterinsights_sitenote_note":"","_monsterinsights_sitenote_category":0,"_joinchat":[],"footnotes":""},"acf":[],"_links":{"self":[{"href":"https:\/\/adayinbassano.com\/de\/wp-json\/wp\/v2\/pages\/4359"}],"collection":[{"href":"https:\/\/adayinbassano.com\/de\/wp-json\/wp\/v2\/pages"}],"about":[{"href":"https:\/\/adayinbassano.com\/de\/wp-json\/wp\/v2\/types\/page"}],"author":[{"embeddable":true,"href":"https:\/\/adayinbassano.com\/de\/wp-json\/wp\/v2\/users\/3"}],"replies":[{"embeddable":true,"href":"https:\/\/adayinbassano.com\/de\/wp-json\/wp\/v2\/comments?post=4359"}],"version-history":[{"count":9,"href":"https:\/\/adayinbassano.com\/de\/wp-json\/wp\/v2\/pages\/4359\/revisions"}],"predecessor-version":[{"id":4803,"href":"https:\/\/adayinbassano.com\/de\/wp-json\/wp\/v2\/pages\/4359\/revisions\/4803"}],"up":[{"embeddable":true,"href":"https:\/\/adayinbassano.com\/de\/wp-json\/wp\/v2\/pages\/4346"}],"wp:featuredmedia":[{"embeddable":true,"href":"https:\/\/adayinbassano.com\/de\/wp-json\/wp\/v2\/media\/2906"}],"wp:attachment":[{"href":"https:\/\/adayinbassano.com\/de\/wp-json\/wp\/v2\/media?parent=4359"}],"curies":[{"name":"wp","href":"https:\/\/api.w.org\/{rel}","templated":true}]}}