{"id":4358,"date":"2021-04-04T00:50:56","date_gmt":"2021-04-03T22:50:56","guid":{"rendered":"https:\/\/adayinbassano.com\/?page_id=4358"},"modified":"2021-05-03T12:15:55","modified_gmt":"2021-05-03T10:15:55","slug":"museen-und-veranstaltungen-in-bassano-es-wird-garantiert-nie-langweilig","status":"publish","type":"page","link":"https:\/\/adayinbassano.com\/de\/die-10-besten-dinge-die-man-in-bassano-del-grappa-tun-kann\/museen-und-veranstaltungen-in-bassano-es-wird-garantiert-nie-langweilig\/","title":{"rendered":"Museen und Veranstaltungen in Bassano: Es wird garantiert nie langweilig"},"content":{"rendered":"\t\t<div data-elementor-type=\"wp-page\" data-elementor-id=\"4358\" class=\"elementor elementor-4358\" data-elementor-post-type=\"page\">\n\t\t\t\t\t\t<section class=\"elementor-section elementor-top-section elementor-element elementor-element-a3d812d elementor-section-boxed elementor-section-height-default elementor-section-height-default\" data-id=\"a3d812d\" data-element_type=\"section\">\n\t\t\t\t\t\t<div class=\"elementor-container elementor-column-gap-default\">\n\t\t\t\t\t<div class=\"elementor-column elementor-col-100 elementor-top-column elementor-element elementor-element-19a42a25\" data-id=\"19a42a25\" data-element_type=\"column\">\n\t\t\t<div class=\"elementor-widget-wrap elementor-element-populated\">\n\t\t\t\t\t\t<div class=\"elementor-element elementor-element-91c5736 elementor-widget elementor-widget-image\" data-id=\"91c5736\" data-element_type=\"widget\" data-widget_type=\"image.default\">\n\t\t\t\t<div class=\"elementor-widget-container\">\n\t\t\t<style>\/*! elementor - v3.21.0 - 26-05-2024 *\/\n.elementor-widget-image{text-align:center}.elementor-widget-image a{display:inline-block}.elementor-widget-image a img[src$=\".svg\"]{width:48px}.elementor-widget-image img{vertical-align:middle;display:inline-block}<\/style>\t\t\t\t\t\t\t\t\t\t<img fetchpriority=\"high\" decoding=\"async\" width=\"2048\" height=\"1152\" src=\"https:\/\/adayinbassano.com\/wp-content\/uploads\/2021\/03\/culture.jpg\" class=\"attachment-full size-full wp-image-2900\" alt=\"\" srcset=\"https:\/\/adayinbassano.com\/wp-content\/uploads\/2021\/03\/culture.jpg 2048w, https:\/\/adayinbassano.com\/wp-content\/uploads\/2021\/03\/culture-300x169.jpg 300w, https:\/\/adayinbassano.com\/wp-content\/uploads\/2021\/03\/culture-1024x576.jpg 1024w, https:\/\/adayinbassano.com\/wp-content\/uploads\/2021\/03\/culture-768x432.jpg 768w, https:\/\/adayinbassano.com\/wp-content\/uploads\/2021\/03\/culture-1536x864.jpg 1536w, https:\/\/adayinbassano.com\/wp-content\/uploads\/2021\/03\/culture-440x248.jpg 440w, https:\/\/adayinbassano.com\/wp-content\/uploads\/2021\/03\/culture-600x338.jpg 600w\" sizes=\"(max-width: 2048px) 100vw, 2048px\" \/>\t\t\t\t\t\t\t\t\t\t\t\t\t<\/div>\n\t\t\t\t<\/div>\n\t\t\t\t<div class=\"elementor-element elementor-element-89f331c elementor-widget elementor-widget-image\" data-id=\"89f331c\" data-element_type=\"widget\" data-widget_type=\"image.default\">\n\t\t\t\t<div class=\"elementor-widget-container\">\n\t\t\t\t\t\t\t\t\t\t\t\t\t<img decoding=\"async\" width=\"551\" height=\"371\" src=\"https:\/\/adayinbassano.com\/wp-content\/uploads\/2021\/04\/ballerina.png\" class=\"attachment-full size-full wp-image-4137\" alt=\"\" srcset=\"https:\/\/adayinbassano.com\/wp-content\/uploads\/2021\/04\/ballerina.png 551w, https:\/\/adayinbassano.com\/wp-content\/uploads\/2021\/04\/ballerina-300x202.png 300w, https:\/\/adayinbassano.com\/wp-content\/uploads\/2021\/04\/ballerina-440x296.png 440w\" sizes=\"(max-width: 551px) 100vw, 551px\" \/>\t\t\t\t\t\t\t\t\t\t\t\t\t<\/div>\n\t\t\t\t<\/div>\n\t\t\t\t<div class=\"elementor-element elementor-element-39a4265f elementor-widget elementor-widget-text-editor\" data-id=\"39a4265f\" data-element_type=\"widget\" data-widget_type=\"text-editor.default\">\n\t\t\t\t<div class=\"elementor-widget-container\">\n\t\t\t<style>\/*! elementor - v3.21.0 - 26-05-2024 *\/\n.elementor-widget-text-editor.elementor-drop-cap-view-stacked .elementor-drop-cap{background-color:#69727d;color:#fff}.elementor-widget-text-editor.elementor-drop-cap-view-framed .elementor-drop-cap{color:#69727d;border:3px solid;background-color:transparent}.elementor-widget-text-editor:not(.elementor-drop-cap-view-default) .elementor-drop-cap{margin-top:8px}.elementor-widget-text-editor:not(.elementor-drop-cap-view-default) .elementor-drop-cap-letter{width:1em;height:1em}.elementor-widget-text-editor .elementor-drop-cap{float:left;text-align:center;line-height:1;font-size:50px}.elementor-widget-text-editor .elementor-drop-cap-letter{display:inline-block}<\/style>\t\t\t\t<p>In Bassano finden das ganze Jahr \u00fcber zahlreiche Veranstaltungen statt, die Menschen aus allen umliegenden Orten anziehen. Das Programm ist vielf\u00e4ltig und geht von Unterhaltung \u00fcber Kultur und Lifestyle bis hin zu Business.<\/p><p>Wenn Sie eines der zahlreichen Museen besuchen m\u00f6chten, k\u00f6nnen Sie bei \u201eArea Arte\u201c eine Karte erwerben, um von Rabatten zu profitieren. Area Arte bietet Rabatte f\u00fcr diverse Gesch\u00e4fte und Restaurants in der gesamten Region an. Eine weitere Annehmlichkeit ist, dass Sie sich \u00fcber Area Arte kostenlose Getr\u00e4nke in die besten Airbnbs Bassanos liefern lassen k\u00f6nnen.<\/p><p>Informieren Sie sich \u00fcber den folgenden Link auf der Website von Area Arte \u00fcber anstehende Veranstaltungen, um bei Ihrem <strong>Besuch<\/strong> in <strong>Bassano<\/strong> nichts zu verpassen: <a href=\"https:\/\/www.areaarte.it\/mostre-eventi\/?province=77\">https:\/\/www.areaarte.it\/mostre-eventi\/?province=77<\/a><\/p><p>Zu den Veranstaltungen z\u00e4hlen u. a. musikalische Events wie z. B. das AMA-Musikfestival, bei dem sich im September einige der besten und ber\u00fchmtesten K\u00fcnstler Italiens zu einem dreit\u00e4gigen Open-Air-Festival versammeln.<\/p><p>Im kulturellen Bereich kann vor allem das \u201e<a href=\"https:\/\/www.operaestate.it\/it\/\">Opera Estate Festival<\/a>\u201c mit den gr\u00f6\u00dften Vordenkern und Impulsgebern des Landes aufwarten \u2013 in den Bereichen Theater, Tanz, Vorf\u00fchrungen, Literatur und offene Debatten ist immer f\u00fcr viel Unterhaltung gesorgt.<\/p><p>Nicht zu vergessen sind die traditionellen sommerlichen Kinofestivals in den Parolini-G\u00e4rten. Der botanische Park mit seinen \u00f6ffentlichen Gr\u00fcnfl\u00e4chen, welche der Stadt im neunzehnten Jahrhundert von ihrem Adel vermacht wurde, ist Schauplatz einer Reihe ausgew\u00e4hlter Filme bekannter und aufstrebender Regisseure.<\/p><p>Wenn Sie bereits etwas Italienisch verstehen und nach M\u00f6glichkeiten suchen, Ihre Sprachkenntnisse bei Ihrem <strong>Besuch<\/strong> in <strong>Bassano<\/strong> zu vertiefen, bieten die Filme in den wundersch\u00f6nen G\u00e4rten definitiv gute Gelegenheiten.<\/p><p>Daneben finden rund um das Jahr viele weitere Veranstaltungen von Motorsport \u00fcber Street Food, Radfahren und Outdoor-Sportarten bis hin zu allen m\u00f6glichen Konzerten und Ereignissen in ganz unterschiedlichen Nischen statt.<\/p><p>Im Juli findet auf den Stra\u00dfen jeden Mittwoch die sehr beliebte &#8220;notte bianca&#8221; (\u201ewei\u00dfe Nacht\u201c) statt, bei der die Gesch\u00e4fte bis in den sp\u00e4ten Abend ge\u00f6ffnet bleiben und diverse Shows und Auff\u00fchrungen von den Gemeinden organisiert werden.<\/p>\t\t\t\t\t\t<\/div>\n\t\t\t\t<\/div>\n\t\t\t\t\t<\/div>\n\t\t<\/div>\n\t\t\t\t\t<\/div>\n\t\t<\/section>\n\t\t\t\t<\/div>\n\t\t","protected":false},"excerpt":{"rendered":"<p>In Bassano finden das ganze Jahr \u00fcber zahlreiche Veranstaltungen statt, die Menschen aus allen umliegenden Orten anziehen. Das Programm ist vielf\u00e4ltig und geht von Unterhaltung \u00fcber Kultur und Lifestyle bis hin zu Business. Wenn Sie eines der zahlreichen Museen besuchen m\u00f6chten, k\u00f6nnen Sie bei \u201eArea Arte\u201c eine Karte erwerben, um von Rabatten zu profitieren. Area &#8230; <a title=\"Museen und Veranstaltungen in Bassano: Es wird garantiert nie langweilig\" class=\"read-more\" href=\"https:\/\/adayinbassano.com\/de\/die-10-besten-dinge-die-man-in-bassano-del-grappa-tun-kann\/museen-und-veranstaltungen-in-bassano-es-wird-garantiert-nie-langweilig\/\" aria-label=\"Mehr dazu unter Museen und Veranstaltungen in Bassano: Es wird garantiert nie langweilig\">Weiterlesen<\/a><\/p>\n","protected":false},"author":3,"featured_media":2900,"parent":4346,"menu_order":0,"comment_status":"closed","ping_status":"closed","template":"elementor_header_footer","meta":{"_acf_changed":false,"_monsterinsights_skip_tracking":false,"_monsterinsights_sitenote_active":false,"_monsterinsights_sitenote_note":"","_monsterinsights_sitenote_category":0,"_joinchat":[],"footnotes":""},"acf":[],"_links":{"self":[{"href":"https:\/\/adayinbassano.com\/de\/wp-json\/wp\/v2\/pages\/4358"}],"collection":[{"href":"https:\/\/adayinbassano.com\/de\/wp-json\/wp\/v2\/pages"}],"about":[{"href":"https:\/\/adayinbassano.com\/de\/wp-json\/wp\/v2\/types\/page"}],"author":[{"embeddable":true,"href":"https:\/\/adayinbassano.com\/de\/wp-json\/wp\/v2\/users\/3"}],"replies":[{"embeddable":true,"href":"https:\/\/adayinbassano.com\/de\/wp-json\/wp\/v2\/comments?post=4358"}],"version-history":[{"count":5,"href":"https:\/\/adayinbassano.com\/de\/wp-json\/wp\/v2\/pages\/4358\/revisions"}],"predecessor-version":[{"id":4811,"href":"https:\/\/adayinbassano.com\/de\/wp-json\/wp\/v2\/pages\/4358\/revisions\/4811"}],"up":[{"embeddable":true,"href":"https:\/\/adayinbassano.com\/de\/wp-json\/wp\/v2\/pages\/4346"}],"wp:featuredmedia":[{"embeddable":true,"href":"https:\/\/adayinbassano.com\/de\/wp-json\/wp\/v2\/media\/2900"}],"wp:attachment":[{"href":"https:\/\/adayinbassano.com\/de\/wp-json\/wp\/v2\/media?parent=4358"}],"curies":[{"name":"wp","href":"https:\/\/api.w.org\/{rel}","templated":true}]}}