{"id":4357,"date":"2021-04-04T00:50:57","date_gmt":"2021-04-03T22:50:57","guid":{"rendered":"https:\/\/adayinbassano.com\/?page_id=4357"},"modified":"2022-04-27T11:52:18","modified_gmt":"2022-04-27T09:52:18","slug":"die-einkaufsmoeglichkeiten-die-ihnen-bassano-mit-seinen-einzigartigen-boutiquen-bietet","status":"publish","type":"page","link":"https:\/\/adayinbassano.com\/de\/die-10-besten-dinge-die-man-in-bassano-del-grappa-tun-kann\/die-einkaufsmoeglichkeiten-die-ihnen-bassano-mit-seinen-einzigartigen-boutiquen-bietet\/","title":{"rendered":"Diese Stadt bietet einige der interessantesten Gesch\u00e4fte und Modeboutiquen Italiens"},"content":{"rendered":"\t\t<div data-elementor-type=\"wp-page\" data-elementor-id=\"4357\" class=\"elementor elementor-4357\" data-elementor-post-type=\"page\">\n\t\t\t\t\t\t<section class=\"elementor-section elementor-top-section elementor-element elementor-element-70bb1354 elementor-section-boxed elementor-section-height-default elementor-section-height-default\" data-id=\"70bb1354\" data-element_type=\"section\">\n\t\t\t\t\t\t<div class=\"elementor-container elementor-column-gap-default\">\n\t\t\t\t\t<div class=\"elementor-column elementor-col-100 elementor-top-column elementor-element elementor-element-6b9e0c3e\" data-id=\"6b9e0c3e\" data-element_type=\"column\">\n\t\t\t<div class=\"elementor-widget-wrap elementor-element-populated\">\n\t\t\t\t\t\t<div class=\"elementor-element elementor-element-7ae22c3 elementor-widget elementor-widget-image\" data-id=\"7ae22c3\" data-element_type=\"widget\" data-widget_type=\"image.default\">\n\t\t\t\t<div class=\"elementor-widget-container\">\n\t\t\t<style>\/*! elementor - v3.21.0 - 26-05-2024 *\/\n.elementor-widget-image{text-align:center}.elementor-widget-image a{display:inline-block}.elementor-widget-image a img[src$=\".svg\"]{width:48px}.elementor-widget-image img{vertical-align:middle;display:inline-block}<\/style>\t\t\t\t\t\t\t\t\t\t<img fetchpriority=\"high\" decoding=\"async\" width=\"2048\" height=\"982\" src=\"https:\/\/adayinbassano.com\/wp-content\/uploads\/2021\/04\/moodboardbassano2.jpg\" class=\"attachment-full size-full wp-image-3850\" alt=\"\" srcset=\"https:\/\/adayinbassano.com\/wp-content\/uploads\/2021\/04\/moodboardbassano2.jpg 2048w, https:\/\/adayinbassano.com\/wp-content\/uploads\/2021\/04\/moodboardbassano2-300x144.jpg 300w, https:\/\/adayinbassano.com\/wp-content\/uploads\/2021\/04\/moodboardbassano2-1024x491.jpg 1024w, https:\/\/adayinbassano.com\/wp-content\/uploads\/2021\/04\/moodboardbassano2-768x368.jpg 768w, https:\/\/adayinbassano.com\/wp-content\/uploads\/2021\/04\/moodboardbassano2-1536x737.jpg 1536w, https:\/\/adayinbassano.com\/wp-content\/uploads\/2021\/04\/moodboardbassano2-440x211.jpg 440w\" sizes=\"(max-width: 2048px) 100vw, 2048px\" \/>\t\t\t\t\t\t\t\t\t\t\t\t\t<\/div>\n\t\t\t\t<\/div>\n\t\t\t\t<div class=\"elementor-element elementor-element-b7f5c78 elementor-widget elementor-widget-image\" data-id=\"b7f5c78\" data-element_type=\"widget\" data-widget_type=\"image.default\">\n\t\t\t\t<div class=\"elementor-widget-container\">\n\t\t\t\t\t\t\t\t\t\t\t\t\t<img decoding=\"async\" width=\"551\" height=\"371\" src=\"https:\/\/adayinbassano.com\/wp-content\/uploads\/2021\/04\/shopping-bags.png\" class=\"attachment-full size-full wp-image-4183\" alt=\"\" srcset=\"https:\/\/adayinbassano.com\/wp-content\/uploads\/2021\/04\/shopping-bags.png 551w, https:\/\/adayinbassano.com\/wp-content\/uploads\/2021\/04\/shopping-bags-300x202.png 300w, https:\/\/adayinbassano.com\/wp-content\/uploads\/2021\/04\/shopping-bags-440x296.png 440w\" sizes=\"(max-width: 551px) 100vw, 551px\" \/>\t\t\t\t\t\t\t\t\t\t\t\t\t<\/div>\n\t\t\t\t<\/div>\n\t\t\t\t<div class=\"elementor-element elementor-element-88c57e0 elementor-widget elementor-widget-text-editor\" data-id=\"88c57e0\" data-element_type=\"widget\" data-widget_type=\"text-editor.default\">\n\t\t\t\t<div class=\"elementor-widget-container\">\n\t\t\t<style>\/*! elementor - v3.21.0 - 26-05-2024 *\/\n.elementor-widget-text-editor.elementor-drop-cap-view-stacked .elementor-drop-cap{background-color:#69727d;color:#fff}.elementor-widget-text-editor.elementor-drop-cap-view-framed .elementor-drop-cap{color:#69727d;border:3px solid;background-color:transparent}.elementor-widget-text-editor:not(.elementor-drop-cap-view-default) .elementor-drop-cap{margin-top:8px}.elementor-widget-text-editor:not(.elementor-drop-cap-view-default) .elementor-drop-cap-letter{width:1em;height:1em}.elementor-widget-text-editor .elementor-drop-cap{float:left;text-align:center;line-height:1;font-size:50px}.elementor-widget-text-editor .elementor-drop-cap-letter{display:inline-block}<\/style>\t\t\t\t<p>Bassano del Grappa bietet Ihnen eine Vielzahl von Boutiquen mit Designer- und Markenkleidung. Dar\u00fcber hinaus finden Sie viele Lebensmittelgesch\u00e4fte vor, in denen Sie neben den besten italienischen Lebensmittelprodukten auch solche Produkte kaufen k\u00f6nnen, die nur in Bassano erh\u00e4ltlich sind.<\/p>\n<p>Der italienischen Tradition entsprechend sollten Sie f\u00fcr ein m\u00f6glichst authentisches Erlebnis die einzelnen und einzigartigen Boutiquen den gro\u00dfen Supermarktketten vorziehen.<\/p>\n<p>Auch Trendspotter und Fashionistas werden beim Shopping in Bassano gro\u00dfe Freude versp\u00fcren. Nicht zuletzt, weil der High-End-Laden \u201eCenere\u201c, der f\u00fcr seine avantgardistischen Schaufenster bekannt ist, die neuesten italienischen Modest\u00fccke anbietet.<\/p>\n<p>Auch beim Konkurrenten \u201eSear&#8217;s\u201c, der u. a. Kleidungsst\u00fccke von lokalen Stardesignern wie dem italienischen Hemdenhersteller <a href=\"https:\/\/www.xacus.com\/en\/journey-collection_143.htm\">Xacus<\/a> bereitstellt, sind Modebegeisterte bestens aufgehoben, wenn sie <strong>Bassano<\/strong> <strong>besuchen<\/strong>.<\/p>\t\t\t\t\t\t<\/div>\n\t\t\t\t<\/div>\n\t\t\t\t<div class=\"elementor-element elementor-element-99a15b3 elementor-widget elementor-widget-video\" data-id=\"99a15b3\" data-element_type=\"widget\" data-settings=\"{&quot;youtube_url&quot;:&quot;https:\\\/\\\/youtu.be\\\/xVgTHtmL6pk&quot;,&quot;lazy_load&quot;:&quot;yes&quot;,&quot;autoplay&quot;:&quot;yes&quot;,&quot;play_on_mobile&quot;:&quot;yes&quot;,&quot;mute&quot;:&quot;yes&quot;,&quot;loop&quot;:&quot;yes&quot;,&quot;modestbranding&quot;:&quot;yes&quot;,&quot;video_type&quot;:&quot;youtube&quot;,&quot;controls&quot;:&quot;yes&quot;}\" data-widget_type=\"video.default\">\n\t\t\t\t<div class=\"elementor-widget-container\">\n\t\t\t<style>\/*! elementor - v3.21.0 - 26-05-2024 *\/\n.elementor-widget-video .elementor-widget-container{overflow:hidden;transform:translateZ(0)}.elementor-widget-video .elementor-wrapper{aspect-ratio:var(--video-aspect-ratio)}.elementor-widget-video .elementor-wrapper iframe,.elementor-widget-video .elementor-wrapper video{height:100%;width:100%;display:flex;border:none;background-color:#000}@supports not (aspect-ratio:1\/1){.elementor-widget-video .elementor-wrapper{position:relative;overflow:hidden;height:0;padding-bottom:calc(100% \/ var(--video-aspect-ratio))}.elementor-widget-video .elementor-wrapper iframe,.elementor-widget-video .elementor-wrapper video{position:absolute;top:0;right:0;bottom:0;left:0}}.elementor-widget-video .elementor-open-inline .elementor-custom-embed-image-overlay{position:absolute;top:0;right:0;bottom:0;left:0;background-size:cover;background-position:50%}.elementor-widget-video .elementor-custom-embed-image-overlay{cursor:pointer;text-align:center}.elementor-widget-video .elementor-custom-embed-image-overlay:hover .elementor-custom-embed-play i{opacity:1}.elementor-widget-video .elementor-custom-embed-image-overlay img{display:block;width:100%;aspect-ratio:var(--video-aspect-ratio);-o-object-fit:cover;object-fit:cover;-o-object-position:center center;object-position:center center}@supports not (aspect-ratio:1\/1){.elementor-widget-video .elementor-custom-embed-image-overlay{position:relative;overflow:hidden;height:0;padding-bottom:calc(100% \/ var(--video-aspect-ratio))}.elementor-widget-video .elementor-custom-embed-image-overlay img{position:absolute;top:0;right:0;bottom:0;left:0}}.elementor-widget-video .e-hosted-video .elementor-video{-o-object-fit:cover;object-fit:cover}.e-con-inner>.elementor-widget-video,.e-con>.elementor-widget-video{width:var(--container-widget-width);--flex-grow:var(--container-widget-flex-grow)}<\/style>\t\t<div class=\"elementor-wrapper elementor-open-inline\">\n\t\t\t<div class=\"elementor-video\"><\/div>\t\t<\/div>\n\t\t\t\t<\/div>\n\t\t\t\t<\/div>\n\t\t\t\t<div class=\"elementor-element elementor-element-591e747 elementor-widget elementor-widget-text-editor\" data-id=\"591e747\" data-element_type=\"widget\" data-widget_type=\"text-editor.default\">\n\t\t\t\t<div class=\"elementor-widget-container\">\n\t\t\t\t\t\t\t<p><span style=\"font-size: 15px;\">F\u00fcr einzigartige Souvenirs und Musikschallplatten ist der Laden \u201edischi ponte\u201c sehr empfehlenswert. Der Laden begann einst als Vynil-Laden und befindet sich am westlichen Ufer der Holzbr\u00fccke. Was ihn so besonders macht, sind seine Artikel. Diese sind n\u00e4mlich im Stil der Alpini ( die Gebirgsk\u00e4mpfer der Stadt aus dem Ersten Weltkrieg) gehalten \u2013 dazu z\u00e4hlt u. a. die \u201eBialetti Moka Express Alpina Kaffeemaschine\u201c.<\/span><\/p><p>Bei schlechtem Wetter k\u00f6nnen Sie eine 5-min\u00fctige Taxifahrt auf sich nehmen, um die neu er\u00f6ffneten \u201eGrifone Mall\u201c zu besuchen. Das Einkaufszentrum bietet sich hervorragend an, um einen entspannten Nachmittag zu verbringen und sch\u00f6ne Souvenirs zu kaufen.<\/p><p>Die \u201eGrifone Mall\u201c bietet eine gro\u00dfe Auswahl an Gesch\u00e4ften \u2013 wie einem Lebensmittel-Hypermarkt, dem Technik- und Haushaltsger\u00e4te-Laden MediaWorld und erschwingliche Mode-, Kosmetik- und Pret-a-porter-L\u00e4den.<\/p><p>Bei einer <a href=\"https:\/\/adayinbassano.com\/de\/\">Reise nach Italien<\/a> sollten Sie zumindest einen Supermarkt aufsuchen, um eine der hochwertigen Lebensmittel zu kaufen, welche zum Essens-Alltag der anspruchsvollen Italiener geh\u00f6ren: Sie erhalten hier den besten Kaffee, Wein, Pasta, Aufschnitt, K\u00e4se und eine Vielzahl anderer Lebensmittel, die in anderen St\u00e4dten kaum erh\u00e4ltlich sind. Ihre Freunde zu Hause werden begeistert sein.<\/p><p>Die bekanntesten Supermarktketten Italiens sind \u201eCoop\u201c und \u201eConad\u201c. Wir empfehlen Ihnen, Prosciutto mit lokalen Brotstangen der Marke \u201eBibanesi\u201c zu kaufen. Falls Sie eine Unterkunft mit K\u00fcche bewohnen, sollten Sie in Erw\u00e4gung ziehen, eine <a href=\"https:\/\/foodyoushouldtry.com\/is-cannelloni-the-king-of-italian-pasta\/\">Cannelloni<\/a> mit H\u00fcttenk\u00e4se und Spinat zu kochen. K\u00f6stlich!<\/p>\t\t\t\t\t\t<\/div>\n\t\t\t\t<\/div>\n\t\t\t\t\t<\/div>\n\t\t<\/div>\n\t\t\t\t\t<\/div>\n\t\t<\/section>\n\t\t\t\t<\/div>\n\t\t","protected":false},"excerpt":{"rendered":"<p>Bassano del Grappa bietet Ihnen eine Vielzahl von Boutiquen mit Designer- und Markenkleidung. Dar\u00fcber hinaus finden Sie viele Lebensmittelgesch\u00e4fte vor, in denen Sie neben den besten italienischen Lebensmittelprodukten auch solche Produkte kaufen k\u00f6nnen, die nur in Bassano erh\u00e4ltlich sind. Der italienischen Tradition entsprechend sollten Sie f\u00fcr ein m\u00f6glichst authentisches Erlebnis die einzelnen und einzigartigen Boutiquen &#8230; <a title=\"Diese Stadt bietet einige der interessantesten Gesch\u00e4fte und Modeboutiquen Italiens\" class=\"read-more\" href=\"https:\/\/adayinbassano.com\/de\/die-10-besten-dinge-die-man-in-bassano-del-grappa-tun-kann\/die-einkaufsmoeglichkeiten-die-ihnen-bassano-mit-seinen-einzigartigen-boutiquen-bietet\/\" aria-label=\"Mehr dazu unter Diese Stadt bietet einige der interessantesten Gesch\u00e4fte und Modeboutiquen Italiens\">Weiterlesen<\/a><\/p>\n","protected":false},"author":3,"featured_media":3850,"parent":4346,"menu_order":0,"comment_status":"closed","ping_status":"closed","template":"elementor_header_footer","meta":{"_acf_changed":false,"_monsterinsights_skip_tracking":false,"_monsterinsights_sitenote_active":false,"_monsterinsights_sitenote_note":"","_monsterinsights_sitenote_category":0,"_joinchat":[],"footnotes":""},"acf":[],"_links":{"self":[{"href":"https:\/\/adayinbassano.com\/de\/wp-json\/wp\/v2\/pages\/4357"}],"collection":[{"href":"https:\/\/adayinbassano.com\/de\/wp-json\/wp\/v2\/pages"}],"about":[{"href":"https:\/\/adayinbassano.com\/de\/wp-json\/wp\/v2\/types\/page"}],"author":[{"embeddable":true,"href":"https:\/\/adayinbassano.com\/de\/wp-json\/wp\/v2\/users\/3"}],"replies":[{"embeddable":true,"href":"https:\/\/adayinbassano.com\/de\/wp-json\/wp\/v2\/comments?post=4357"}],"version-history":[{"count":14,"href":"https:\/\/adayinbassano.com\/de\/wp-json\/wp\/v2\/pages\/4357\/revisions"}],"predecessor-version":[{"id":5202,"href":"https:\/\/adayinbassano.com\/de\/wp-json\/wp\/v2\/pages\/4357\/revisions\/5202"}],"up":[{"embeddable":true,"href":"https:\/\/adayinbassano.com\/de\/wp-json\/wp\/v2\/pages\/4346"}],"wp:featuredmedia":[{"embeddable":true,"href":"https:\/\/adayinbassano.com\/de\/wp-json\/wp\/v2\/media\/3850"}],"wp:attachment":[{"href":"https:\/\/adayinbassano.com\/de\/wp-json\/wp\/v2\/media?parent=4357"}],"curies":[{"name":"wp","href":"https:\/\/api.w.org\/{rel}","templated":true}]}}