{"id":4356,"date":"2021-04-04T00:50:58","date_gmt":"2021-04-03T22:50:58","guid":{"rendered":"https:\/\/adayinbassano.com\/?page_id=4356"},"modified":"2022-04-27T11:52:41","modified_gmt":"2022-04-27T09:52:41","slug":"erkunden-sie-den-monte-grappa-und-seine-wilden-landschaften","status":"publish","type":"page","link":"https:\/\/adayinbassano.com\/de\/die-10-besten-dinge-die-man-in-bassano-del-grappa-tun-kann\/erkunden-sie-den-monte-grappa-und-seine-wilden-landschaften\/","title":{"rendered":"Erkunden Sie den Monte Grappa und seine wilden Landschaften"},"content":{"rendered":"\t\t<div data-elementor-type=\"wp-page\" data-elementor-id=\"4356\" class=\"elementor elementor-4356\" data-elementor-post-type=\"page\">\n\t\t\t\t\t\t<section class=\"elementor-section elementor-top-section elementor-element elementor-element-4cf8d787 elementor-section-boxed elementor-section-height-default elementor-section-height-default\" data-id=\"4cf8d787\" data-element_type=\"section\" data-settings=\"{&quot;background_background&quot;:&quot;classic&quot;}\">\n\t\t\t\t\t\t<div class=\"elementor-container elementor-column-gap-default\">\n\t\t\t\t\t<div class=\"elementor-column elementor-col-100 elementor-top-column elementor-element elementor-element-7af6c442\" data-id=\"7af6c442\" data-element_type=\"column\">\n\t\t\t<div class=\"elementor-widget-wrap elementor-element-populated\">\n\t\t\t\t\t\t<div class=\"elementor-element elementor-element-f0941a5 elementor-widget elementor-widget-image\" data-id=\"f0941a5\" data-element_type=\"widget\" data-widget_type=\"image.default\">\n\t\t\t\t<div class=\"elementor-widget-container\">\n\t\t\t<style>\/*! elementor - v3.21.0 - 26-05-2024 *\/\n.elementor-widget-image{text-align:center}.elementor-widget-image a{display:inline-block}.elementor-widget-image a img[src$=\".svg\"]{width:48px}.elementor-widget-image img{vertical-align:middle;display:inline-block}<\/style>\t\t\t\t\t\t\t\t\t\t<img fetchpriority=\"high\" decoding=\"async\" width=\"2048\" height=\"1151\" src=\"https:\/\/adayinbassano.com\/wp-content\/uploads\/2021\/03\/Monte-Grappa-2.jpg\" class=\"attachment-full size-full wp-image-2905\" alt=\"\" srcset=\"https:\/\/adayinbassano.com\/wp-content\/uploads\/2021\/03\/Monte-Grappa-2.jpg 2048w, https:\/\/adayinbassano.com\/wp-content\/uploads\/2021\/03\/Monte-Grappa-2-300x169.jpg 300w, https:\/\/adayinbassano.com\/wp-content\/uploads\/2021\/03\/Monte-Grappa-2-1024x576.jpg 1024w, https:\/\/adayinbassano.com\/wp-content\/uploads\/2021\/03\/Monte-Grappa-2-768x432.jpg 768w, https:\/\/adayinbassano.com\/wp-content\/uploads\/2021\/03\/Monte-Grappa-2-1536x863.jpg 1536w, https:\/\/adayinbassano.com\/wp-content\/uploads\/2021\/03\/Monte-Grappa-2-440x247.jpg 440w, https:\/\/adayinbassano.com\/wp-content\/uploads\/2021\/03\/Monte-Grappa-2-600x337.jpg 600w\" sizes=\"(max-width: 2048px) 100vw, 2048px\" \/>\t\t\t\t\t\t\t\t\t\t\t\t\t<\/div>\n\t\t\t\t<\/div>\n\t\t\t\t<div class=\"elementor-element elementor-element-babaa4a elementor-widget elementor-widget-image\" data-id=\"babaa4a\" data-element_type=\"widget\" data-widget_type=\"image.default\">\n\t\t\t\t<div class=\"elementor-widget-container\">\n\t\t\t\t\t\t\t\t\t\t\t\t\t<img decoding=\"async\" width=\"551\" height=\"371\" src=\"https:\/\/adayinbassano.com\/wp-content\/uploads\/2021\/04\/backpack-.png\" class=\"attachment-full size-full wp-image-4147\" alt=\"\" srcset=\"https:\/\/adayinbassano.com\/wp-content\/uploads\/2021\/04\/backpack-.png 551w, https:\/\/adayinbassano.com\/wp-content\/uploads\/2021\/04\/backpack--300x202.png 300w, https:\/\/adayinbassano.com\/wp-content\/uploads\/2021\/04\/backpack--440x296.png 440w\" sizes=\"(max-width: 551px) 100vw, 551px\" \/>\t\t\t\t\t\t\t\t\t\t\t\t\t<\/div>\n\t\t\t\t<\/div>\n\t\t\t\t<div class=\"elementor-element elementor-element-5e785b98 elementor-widget elementor-widget-text-editor\" data-id=\"5e785b98\" data-element_type=\"widget\" data-widget_type=\"text-editor.default\">\n\t\t\t\t<div class=\"elementor-widget-container\">\n\t\t\t<style>\/*! elementor - v3.21.0 - 26-05-2024 *\/\n.elementor-widget-text-editor.elementor-drop-cap-view-stacked .elementor-drop-cap{background-color:#69727d;color:#fff}.elementor-widget-text-editor.elementor-drop-cap-view-framed .elementor-drop-cap{color:#69727d;border:3px solid;background-color:transparent}.elementor-widget-text-editor:not(.elementor-drop-cap-view-default) .elementor-drop-cap{margin-top:8px}.elementor-widget-text-editor:not(.elementor-drop-cap-view-default) .elementor-drop-cap-letter{width:1em;height:1em}.elementor-widget-text-editor .elementor-drop-cap{float:left;text-align:center;line-height:1;font-size:50px}.elementor-widget-text-editor .elementor-drop-cap-letter{display:inline-block}<\/style>\t\t\t\t<p>Mit Blick auf die italienische Stadt Bassano bietet die majest\u00e4tische Bergkette des Monte Grappa atemberaubende Aussichten. Der Berg, der sich 1700 Metern \u00fcber dem Meeresspiegel erhebt, ist ein Hotspot f\u00fcr Aktivtourismus, der Paragliding-, Rad- und Wanderbegeisterte anzieht, die diese Ecke Norditaliens f\u00fcr einen gesunden und umweltfreundlichen Urlaub in Kontakt mit der Natur w\u00e4hlen.<\/p><p>Bei Ihrem <strong>Besuch<\/strong> in <strong>Bassano<\/strong> sind Sie bestens auf dem Monte Grappa aufgehoben, wenn Sie in den eindrucksvollen Kontakt mit der wundersch\u00f6nen Natur kommen m\u00f6chten. Der Berg \u2013 welcher von einer monumentalen Anlage gekr\u00f6nt wird \u2013 und seine Landschaften erinnern an die Gefallenen des Ersten Weltkriegs. Die eindrucksvolle Kulisse ist kaum in Worte zu fassen.<\/p><p>Er tr\u00e4gt eine sehr gro\u00dfe Bedeutung f\u00fcr die Geschichte Italiens: Er war n\u00e4mlich ein wichtiger Schauplatz im Krieg gegen das \u00f6sterreichisch-ungarische Kaiserreich und entschied \u00fcber das Schicksal des neu entstandenen italienischen Staates. Angesichts seiner gro\u00dfen Bedeutung kommt der Monte Grappa sogar in der beliebten Videospielserie &#8220;Battlefield&#8221; vor.<\/p><p>Der Monte Grappa ist heutzutage trotz seiner sichtbaren Sch\u00fctzengr\u00e4ben und Verteidigungsanlagen selbstverst\u00e4ndlich ein sehr friedlicher Ort. Seine Besucher genie\u00dfen in den &#8220;Malghe&#8221;(den Berggasth\u00f6fen) guten Wein, K\u00e4se und k\u00f6stliche Wurstwaren, welche allesamt nach guter Tradition vor Ort hergestellt werden.<\/p><p>Im Sommer streifen die K\u00fche in der H\u00f6he frei auf dem Berg umher. Da sie Kr\u00e4uter und Unkr\u00e4uter fressen, die nur hier auf dem Monte Grappa wachsen, hat die Milch einen einzigartigen Geschmack. Deshalb kann der einzigartige \u201eMorlacco-K\u00e4se\u201c nur hier auf dem Berg zu einem guten Glas Wein genossen werden \u2013 in Gesch\u00e4ften ist er nicht erh\u00e4ltlich.<\/p><p>Wenn Sie die Natur lieben und einen erholsamen Urlaub in der frischen Luft der italienischen Berge suchen, sollten Sie einen Exkurs auf den Monte Grappa in Erw\u00e4gung ziehen, wenn Sie <strong>Bassano<\/strong> <strong>besuchen<\/strong>.<\/p><p>Die gem\u00fctliche H\u00fctte \u201eBaita Orizzonti\u201c, welche 1964 erbaut und k\u00fcrzlich renoviert wurde, bietet ihren G\u00e4sten auf einer H\u00f6he von 800 Metern \u00fcber dem Meeresspiegel einen atemberaubenden Blick auf das Land von Venedig. Sie k\u00f6nnen die H\u00fctte mieten, indem Sie <a href=\"https:\/\/adayinbassano.com\/en\/accommodation\/rent-a-house-in-italy-baita-orizzonti-chalet\/\">hier<\/a> klicken.<\/p><p>Das stilvolle Chalet ist mit allen Annehmlichkeiten ausgestattet, um Gruppen bis zu 5 Personen eine einzigartige und unvergessliche Erinnerung inmitten der Natur der Monte Grappa-Kette zu schaffen.<\/p><p>Es liegt nur 15 Autominuten von den D\u00f6rfern Cavaso und Possagno entfernt, sodass viele Reisende hier einen Aufenthalt buchen, um in den Bergen zu wandern, die einst Schauplatz des Ersten Weltkriegs waren und heute die ehemals kriegf\u00fchrenden Nationen in der gemeinsamen atemberaubenden Natur der europ\u00e4ischen Alpen vereinen.<\/p><p>Der Ort ist perfekt, um fernab von Stress im Einklang mit der Natur zur Ruhe zu kommen. Ganz egal, ob Sie ein gutes Buch lesen, im Winter die Zeit mit Ihren Liebsten am Kamin verbringen oder im Sommer ein Sonnenbad nehmen oder grillen m\u00f6chten: Sie k\u00f6nnen die Region Venetiens hier ganz entspannt erkunden, bevor der abseits der \u00fcblichen Touristenpfade liegende Ort vom Massentourismus \u00fcberflutet wird.<\/p><p>Das Panorama ist definitiv die Hauptattraktion der Bergh\u00fctte. An Tagen, an denen eine gute Sicht herrscht, k\u00f6nnen G\u00e4ste die Lagune von Venedig sehen. In der Nacht werden Sie mit einem Sternenhimmel und einer Lichtershow belohnt, die Sie und Ihre Reisebegleiter garantiert nie wieder vergessen werden.<\/p>\t\t\t\t\t\t<\/div>\n\t\t\t\t<\/div>\n\t\t\t\t<div class=\"elementor-element elementor-element-ce4bb88 elementor-widget elementor-widget-video\" data-id=\"ce4bb88\" data-element_type=\"widget\" data-settings=\"{&quot;youtube_url&quot;:&quot;https:\\\/\\\/www.youtube.com\\\/watch?v=PxY99rLjr80&quot;,&quot;lazy_load&quot;:&quot;yes&quot;,&quot;autoplay&quot;:&quot;yes&quot;,&quot;play_on_mobile&quot;:&quot;yes&quot;,&quot;mute&quot;:&quot;yes&quot;,&quot;loop&quot;:&quot;yes&quot;,&quot;modestbranding&quot;:&quot;yes&quot;,&quot;video_type&quot;:&quot;youtube&quot;,&quot;controls&quot;:&quot;yes&quot;}\" data-widget_type=\"video.default\">\n\t\t\t\t<div class=\"elementor-widget-container\">\n\t\t\t<style>\/*! elementor - v3.21.0 - 26-05-2024 *\/\n.elementor-widget-video .elementor-widget-container{overflow:hidden;transform:translateZ(0)}.elementor-widget-video .elementor-wrapper{aspect-ratio:var(--video-aspect-ratio)}.elementor-widget-video .elementor-wrapper iframe,.elementor-widget-video .elementor-wrapper video{height:100%;width:100%;display:flex;border:none;background-color:#000}@supports not (aspect-ratio:1\/1){.elementor-widget-video .elementor-wrapper{position:relative;overflow:hidden;height:0;padding-bottom:calc(100% \/ var(--video-aspect-ratio))}.elementor-widget-video .elementor-wrapper iframe,.elementor-widget-video .elementor-wrapper video{position:absolute;top:0;right:0;bottom:0;left:0}}.elementor-widget-video .elementor-open-inline .elementor-custom-embed-image-overlay{position:absolute;top:0;right:0;bottom:0;left:0;background-size:cover;background-position:50%}.elementor-widget-video .elementor-custom-embed-image-overlay{cursor:pointer;text-align:center}.elementor-widget-video .elementor-custom-embed-image-overlay:hover .elementor-custom-embed-play i{opacity:1}.elementor-widget-video .elementor-custom-embed-image-overlay img{display:block;width:100%;aspect-ratio:var(--video-aspect-ratio);-o-object-fit:cover;object-fit:cover;-o-object-position:center center;object-position:center center}@supports not (aspect-ratio:1\/1){.elementor-widget-video .elementor-custom-embed-image-overlay{position:relative;overflow:hidden;height:0;padding-bottom:calc(100% \/ var(--video-aspect-ratio))}.elementor-widget-video .elementor-custom-embed-image-overlay img{position:absolute;top:0;right:0;bottom:0;left:0}}.elementor-widget-video .e-hosted-video .elementor-video{-o-object-fit:cover;object-fit:cover}.e-con-inner>.elementor-widget-video,.e-con>.elementor-widget-video{width:var(--container-widget-width);--flex-grow:var(--container-widget-flex-grow)}<\/style>\t\t<div class=\"elementor-wrapper elementor-open-inline\">\n\t\t\t<div class=\"elementor-video\"><\/div>\t\t<\/div>\n\t\t\t\t<\/div>\n\t\t\t\t<\/div>\n\t\t\t\t\t<\/div>\n\t\t<\/div>\n\t\t\t\t\t<\/div>\n\t\t<\/section>\n\t\t\t\t<\/div>\n\t\t","protected":false},"excerpt":{"rendered":"<p>Mit Blick auf die italienische Stadt Bassano bietet die majest\u00e4tische Bergkette des Monte Grappa atemberaubende Aussichten. Der Berg, der sich 1700 Metern \u00fcber dem Meeresspiegel erhebt, ist ein Hotspot f\u00fcr Aktivtourismus, der Paragliding-, Rad- und Wanderbegeisterte anzieht, die diese Ecke Norditaliens f\u00fcr einen gesunden und umweltfreundlichen Urlaub in Kontakt mit der Natur w\u00e4hlen. Bei Ihrem &#8230; <a title=\"Erkunden Sie den Monte Grappa und seine wilden Landschaften\" class=\"read-more\" href=\"https:\/\/adayinbassano.com\/de\/die-10-besten-dinge-die-man-in-bassano-del-grappa-tun-kann\/erkunden-sie-den-monte-grappa-und-seine-wilden-landschaften\/\" aria-label=\"Mehr dazu unter Erkunden Sie den Monte Grappa und seine wilden Landschaften\">Weiterlesen<\/a><\/p>\n","protected":false},"author":3,"featured_media":2905,"parent":4346,"menu_order":0,"comment_status":"closed","ping_status":"closed","template":"elementor_header_footer","meta":{"_acf_changed":false,"_monsterinsights_skip_tracking":false,"_monsterinsights_sitenote_active":false,"_monsterinsights_sitenote_note":"","_monsterinsights_sitenote_category":0,"_joinchat":[],"footnotes":""},"acf":[],"_links":{"self":[{"href":"https:\/\/adayinbassano.com\/de\/wp-json\/wp\/v2\/pages\/4356"}],"collection":[{"href":"https:\/\/adayinbassano.com\/de\/wp-json\/wp\/v2\/pages"}],"about":[{"href":"https:\/\/adayinbassano.com\/de\/wp-json\/wp\/v2\/types\/page"}],"author":[{"embeddable":true,"href":"https:\/\/adayinbassano.com\/de\/wp-json\/wp\/v2\/users\/3"}],"replies":[{"embeddable":true,"href":"https:\/\/adayinbassano.com\/de\/wp-json\/wp\/v2\/comments?post=4356"}],"version-history":[{"count":11,"href":"https:\/\/adayinbassano.com\/de\/wp-json\/wp\/v2\/pages\/4356\/revisions"}],"predecessor-version":[{"id":5205,"href":"https:\/\/adayinbassano.com\/de\/wp-json\/wp\/v2\/pages\/4356\/revisions\/5205"}],"up":[{"embeddable":true,"href":"https:\/\/adayinbassano.com\/de\/wp-json\/wp\/v2\/pages\/4346"}],"wp:featuredmedia":[{"embeddable":true,"href":"https:\/\/adayinbassano.com\/de\/wp-json\/wp\/v2\/media\/2905"}],"wp:attachment":[{"href":"https:\/\/adayinbassano.com\/de\/wp-json\/wp\/v2\/media?parent=4356"}],"curies":[{"name":"wp","href":"https:\/\/api.w.org\/{rel}","templated":true}]}}