{"id":4355,"date":"2021-04-04T00:50:59","date_gmt":"2021-04-03T22:50:59","guid":{"rendered":"https:\/\/adayinbassano.com\/?page_id=4355"},"modified":"2021-05-03T11:57:45","modified_gmt":"2021-05-03T09:57:45","slug":"ein-besuch-in-den-weingueter-der-prosecco-region","status":"publish","type":"page","link":"https:\/\/adayinbassano.com\/de\/die-10-besten-dinge-die-man-in-bassano-del-grappa-tun-kann\/ein-besuch-in-den-weingueter-der-prosecco-region\/","title":{"rendered":"Hier trinkt man den besten Prosecco Italiens"},"content":{"rendered":"\t\t<div data-elementor-type=\"wp-page\" data-elementor-id=\"4355\" class=\"elementor elementor-4355\" data-elementor-post-type=\"page\">\n\t\t\t\t\t\t<section class=\"elementor-section elementor-top-section elementor-element elementor-element-744495bd elementor-section-boxed elementor-section-height-default elementor-section-height-default\" data-id=\"744495bd\" data-element_type=\"section\">\n\t\t\t\t\t\t<div class=\"elementor-container elementor-column-gap-default\">\n\t\t\t\t\t<div class=\"elementor-column elementor-col-100 elementor-top-column elementor-element elementor-element-ca57dbf\" data-id=\"ca57dbf\" data-element_type=\"column\">\n\t\t\t<div class=\"elementor-widget-wrap elementor-element-populated\">\n\t\t\t\t\t\t<div class=\"elementor-element elementor-element-40072c3 elementor-widget elementor-widget-image\" data-id=\"40072c3\" data-element_type=\"widget\" data-widget_type=\"image.default\">\n\t\t\t\t<div class=\"elementor-widget-container\">\n\t\t\t<style>\/*! elementor - v3.21.0 - 26-05-2024 *\/\n.elementor-widget-image{text-align:center}.elementor-widget-image a{display:inline-block}.elementor-widget-image a img[src$=\".svg\"]{width:48px}.elementor-widget-image img{vertical-align:middle;display:inline-block}<\/style>\t\t\t\t\t\t\t\t\t\t<img fetchpriority=\"high\" decoding=\"async\" width=\"2048\" height=\"1150\" src=\"https:\/\/adayinbassano.com\/wp-content\/uploads\/2021\/03\/wine.jpg\" class=\"attachment-full size-full wp-image-2901\" alt=\"\" srcset=\"https:\/\/adayinbassano.com\/wp-content\/uploads\/2021\/03\/wine.jpg 2048w, https:\/\/adayinbassano.com\/wp-content\/uploads\/2021\/03\/wine-300x168.jpg 300w, https:\/\/adayinbassano.com\/wp-content\/uploads\/2021\/03\/wine-1024x575.jpg 1024w, https:\/\/adayinbassano.com\/wp-content\/uploads\/2021\/03\/wine-768x431.jpg 768w, https:\/\/adayinbassano.com\/wp-content\/uploads\/2021\/03\/wine-1536x863.jpg 1536w, https:\/\/adayinbassano.com\/wp-content\/uploads\/2021\/03\/wine-440x247.jpg 440w, https:\/\/adayinbassano.com\/wp-content\/uploads\/2021\/03\/wine-600x337.jpg 600w\" sizes=\"(max-width: 2048px) 100vw, 2048px\" \/>\t\t\t\t\t\t\t\t\t\t\t\t\t<\/div>\n\t\t\t\t<\/div>\n\t\t\t\t<div class=\"elementor-element elementor-element-8197f27 elementor-widget elementor-widget-image\" data-id=\"8197f27\" data-element_type=\"widget\" data-widget_type=\"image.default\">\n\t\t\t\t<div class=\"elementor-widget-container\">\n\t\t\t\t\t\t\t\t\t\t\t\t\t<img decoding=\"async\" width=\"551\" height=\"371\" src=\"https:\/\/adayinbassano.com\/wp-content\/uploads\/2021\/04\/glass-of-wine.png\" class=\"attachment-full size-full wp-image-4206\" alt=\"\" srcset=\"https:\/\/adayinbassano.com\/wp-content\/uploads\/2021\/04\/glass-of-wine.png 551w, https:\/\/adayinbassano.com\/wp-content\/uploads\/2021\/04\/glass-of-wine-300x202.png 300w, https:\/\/adayinbassano.com\/wp-content\/uploads\/2021\/04\/glass-of-wine-440x296.png 440w\" sizes=\"(max-width: 551px) 100vw, 551px\" \/>\t\t\t\t\t\t\t\t\t\t\t\t\t<\/div>\n\t\t\t\t<\/div>\n\t\t\t\t<div class=\"elementor-element elementor-element-7725e6ea elementor-widget elementor-widget-text-editor\" data-id=\"7725e6ea\" data-element_type=\"widget\" data-widget_type=\"text-editor.default\">\n\t\t\t\t<div class=\"elementor-widget-container\">\n\t\t\t<style>\/*! elementor - v3.21.0 - 26-05-2024 *\/\n.elementor-widget-text-editor.elementor-drop-cap-view-stacked .elementor-drop-cap{background-color:#69727d;color:#fff}.elementor-widget-text-editor.elementor-drop-cap-view-framed .elementor-drop-cap{color:#69727d;border:3px solid;background-color:transparent}.elementor-widget-text-editor:not(.elementor-drop-cap-view-default) .elementor-drop-cap{margin-top:8px}.elementor-widget-text-editor:not(.elementor-drop-cap-view-default) .elementor-drop-cap-letter{width:1em;height:1em}.elementor-widget-text-editor .elementor-drop-cap{float:left;text-align:center;line-height:1;font-size:50px}.elementor-widget-text-editor .elementor-drop-cap-letter{display:inline-block}<\/style>\t\t\t\t<p>Wenn Sie <strong>Bassano<\/strong> <strong>besuchen<\/strong>, sollten Sie unbedingt die Weing\u00fcter besuchen. Sie haben in keiner anderen Region Italiens die M\u00f6glichkeit, so viele Weing\u00fcter zu besuchen wie in Venetien. Es stehen Hunderte von Winzern bereit, die Sie \u2013 in der Hoffnung, Ihnen ein paar Flaschen Wein zu verkaufen \u2013 von ihrem Wein kosten lassen m\u00f6chten.<\/p><p>Es ist eine sehr angenehme Besch\u00e4ftigung, w\u00e4hrend des Urlaubs immer mal wieder mit dem Auto durch die wundersch\u00f6nen Landschaften zu fahren, um irgendeine \u201eOsteria\u201c und einen Winzer zu besuchen \u2013 und sich dabei absichtlich in den weiten der Natur zu verlieren.<\/p><p>Wir haben noch einige Tipps f\u00fcr Sie: Der Montello-H\u00fcgel f\u00fcr Rotweine, Asolo und Valdobbiadene f\u00fcr Prosecco. Die <a href=\"https:\/\/italicsmag.com\/2018\/11\/14\/valdobbiadene-italy-best-prosecco\/\">Prosecco-Region<\/a> ist nur wenige Kilometer von Bassano entfernt und befindet sich rund um die St\u00e4dte Valdobbiadene und Conegliano. Die Region wurde k\u00fcrzlich von der UNESCO zum Weltkulturerbe ernannt. Sie ist f\u00fcr ihren unglaublich guten Prosecco und viele verschiedene Weing\u00fcter bekannt.<\/p><p>Das beste Weingut in der N\u00e4he von Bassano ist die \u201e<a href=\"https:\/\/www.villaangarano.com\/\">Villa Angarano<\/a>\u201c. Wenn Sie <strong>Bassano<\/strong> <strong>besuchen<\/strong>, sollten sie ihm definitiv einen Besuch abstatten, um sich mit hervorragendem italienischem Wein einzudecken. Das Weingut organisiert Ihnen sogar den Versand mehrerer Kisten, wenn Sie diese nicht im Flugzeug transportieren k\u00f6nnen.<\/p><p>Eine anst\u00e4ndige Flasche Prosecco kostet hier um die 5 Euro, wenn man sie in gro\u00dfen Mengen kauft. Damit liegt der Preis weit unter den Einzelhandelspreisen in anderen Teilen der Welt.<\/p><p>Eine gute Gelegenheit, um ein paar Kisten in Ihr Heimatland schicken zu lassen, die sie dann an Freunde und Verwandte verschenken k\u00f6nnen. Wir empfehlen Ihnen den Lieferanten \u201e<a href=\"http:\/\/www.agostinetto.com\/\">Rivalivei<\/a>\u201c, der zu ausgezeichneten Konditionen liefert.<\/p>\t\t\t\t\t\t<\/div>\n\t\t\t\t<\/div>\n\t\t\t\t<div class=\"elementor-element elementor-element-8fc5388 elementor-blockquote--skin-boxed elementor-blockquote--button-color-official elementor-widget elementor-widget-blockquote\" data-id=\"8fc5388\" data-element_type=\"widget\" data-widget_type=\"blockquote.default\">\n\t\t\t\t<div class=\"elementor-widget-container\">\n\t\t\t<style>\/*! elementor-pro - v3.21.0 - 20-05-2024 *\/\n@charset \"UTF-8\";.entry-content blockquote.elementor-blockquote:not(.alignright):not(.alignleft),.entry-summary blockquote.elementor-blockquote{margin-right:0;margin-left:0}.elementor-widget-blockquote blockquote{margin:0;padding:0;outline:0;font-size:100%;vertical-align:baseline;background:transparent;quotes:none;border:0;font-style:normal;color:#3f444b}.elementor-widget-blockquote blockquote .e-q-footer:after,.elementor-widget-blockquote blockquote .e-q-footer:before,.elementor-widget-blockquote blockquote:after,.elementor-widget-blockquote blockquote:before,.elementor-widget-blockquote blockquote cite:after,.elementor-widget-blockquote blockquote cite:before{content:none}.elementor-blockquote{transition:.3s}.elementor-blockquote__author,.elementor-blockquote__content{margin-bottom:0;font-style:normal}.elementor-blockquote__author{font-weight:700}.elementor-blockquote .e-q-footer{margin-top:12px;display:flex;justify-content:space-between}.elementor-blockquote__tweet-button{display:flex;transition:.3s;color:#1da1f2;align-self:flex-end;line-height:1;position:relative;width:-moz-max-content;width:max-content}.elementor-blockquote__tweet-button:hover{color:#0967a0}.elementor-blockquote__tweet-button span{font-weight:600}.elementor-blockquote__tweet-button i,.elementor-blockquote__tweet-button span{vertical-align:middle}.elementor-blockquote__tweet-button i+span,.elementor-blockquote__tweet-button svg+span{margin-inline-start:.5em}.elementor-blockquote__tweet-button svg{fill:#1da1f2;height:1em;width:1em}.elementor-blockquote__tweet-label{white-space:pre-wrap}.elementor-blockquote--button-skin-bubble .elementor-blockquote__tweet-button,.elementor-blockquote--button-skin-classic .elementor-blockquote__tweet-button{padding:.7em 1.2em;border-radius:100em;background-color:#1da1f2;color:#fff;font-size:15px}.elementor-blockquote--button-skin-bubble .elementor-blockquote__tweet-button:hover,.elementor-blockquote--button-skin-classic .elementor-blockquote__tweet-button:hover{background-color:#0967a0;color:#fff}.elementor-blockquote--button-skin-bubble .elementor-blockquote__tweet-button:hover:before,.elementor-blockquote--button-skin-classic .elementor-blockquote__tweet-button:hover:before{border-inline-end-color:#0967a0}.elementor-blockquote--button-skin-bubble .elementor-blockquote__tweet-button svg,.elementor-blockquote--button-skin-classic .elementor-blockquote__tweet-button svg{fill:#fff;height:1em;width:1em}.elementor-blockquote--button-skin-bubble.elementor-blockquote--button-view-icon .elementor-blockquote__tweet-button,.elementor-blockquote--button-skin-classic.elementor-blockquote--button-view-icon .elementor-blockquote__tweet-button{padding:0;width:2em;height:2em}.elementor-blockquote--button-skin-bubble.elementor-blockquote--button-view-icon .elementor-blockquote__tweet-button i,.elementor-blockquote--button-skin-classic.elementor-blockquote--button-view-icon .elementor-blockquote__tweet-button i{position:absolute;left:50%;top:50%;transform:translate(-50%,-50%)}.elementor-blockquote--button-skin-bubble .elementor-blockquote__tweet-button:before{content:\"\";border:.5em solid transparent;border-inline-end-color:#1da1f2;position:absolute;left:-.8em;top:50%;transform:translateY(-50%) scaleY(.65);transition:.3s}.elementor-blockquote--button-skin-bubble.elementor-blockquote--align-left .elementor-blockquote__tweet-button:before{right:auto;left:-.8em;border-right-color:#1da1f2;border-left-color:transparent}.elementor-blockquote--button-skin-bubble.elementor-blockquote--align-left .elementor-blockquote__tweet-button:hover:before{border-right-color:#0967a0}.elementor-blockquote--button-skin-bubble.elementor-blockquote--align-right .elementor-blockquote__tweet-button:before{left:auto;right:-.8em;border-right-color:transparent;border-left-color:#1da1f2}.elementor-blockquote--button-skin-bubble.elementor-blockquote--align-right .elementor-blockquote__tweet-button:hover:before{border-left-color:#0967a0}.elementor-blockquote--skin-boxed .elementor-blockquote{background-color:#f9fafa;padding:30px}.elementor-blockquote--skin-border .elementor-blockquote{border-color:#f9fafa;border-style:solid;border-inline-start-width:7px;padding-inline-start:20px}.elementor-blockquote--skin-quotation .elementor-blockquote:before{content:\"\u201c\";font-size:100px;color:#f9fafa;font-family:Times New Roman,Times,serif;font-weight:900;line-height:1;display:block;height:.6em}.elementor-blockquote--skin-quotation .elementor-blockquote__content{margin-top:15px}.elementor-blockquote--align-left .elementor-blockquote__content{text-align:left}.elementor-blockquote--align-left .elementor-blockquote .e-q-footer{flex-direction:row}.elementor-blockquote--align-right .elementor-blockquote__content{text-align:right}.elementor-blockquote--align-right .elementor-blockquote .e-q-footer{flex-direction:row-reverse}.elementor-blockquote--align-center .elementor-blockquote{text-align:center}.elementor-blockquote--align-center .elementor-blockquote .e-q-footer,.elementor-blockquote--align-center .elementor-blockquote__author{display:block}.elementor-blockquote--align-center .elementor-blockquote__tweet-button{margin-right:auto;margin-left:auto}<\/style>\t\t<blockquote class=\"elementor-blockquote\">\n\t\t\t<p class=\"elementor-blockquote__content\">\n\t\t\t\t<h3>Wissenswertes<\/h3>\nIn dem in Venetien weitverbreiteten venezianischen Dialekt wird ein Glas Wein \"Ombra\" genannt.  Das bedeutet \"Schatten. Der Name entstand, weil die Bauarbeiter, die den Glockenturm des Hauptplatzes in Venedig errichteten, eine Pause von der harten Arbeit einlegten, um im Schatten des Campanile ein Glas Rotwein zu trinken.\t\t\t<\/p>\n\t\t\t\t\t\t\t<div class=\"e-q-footer\">\n\t\t\t\t\t\t\t\t\t\t\t<cite class=\"elementor-blockquote__author\">Matteo Rigo<\/cite>\n\t\t\t\t\t\t\t\t\t\t\t\t\t\t<\/div>\n\t\t\t\t\t<\/blockquote>\n\t\t\t\t<\/div>\n\t\t\t\t<\/div>\n\t\t\t\t<div class=\"elementor-element elementor-element-ca27e2a elementor-widget elementor-widget-text-editor\" data-id=\"ca27e2a\" data-element_type=\"widget\" data-widget_type=\"text-editor.default\">\n\t\t\t\t<div class=\"elementor-widget-container\">\n\t\t\t\t\t\t\t<p>Wer in Italien Weing\u00fcter besuchen m\u00f6chte, ist in der Region Venetien bestens aufgehoben: Die Liebe von Ventianern zu Ihrem Wein und Grappa ist in Italien ein Running Gag. Jeder Einheimische, dem Sie begegnen, wird mehr als gl\u00fccklich sein, sich vor einer gen\u00fcsslichen Flasche ausgiebig mit Ihnen zu unterhalten.<\/p><p>Denken Sie bei Ihrem <strong>Besuch<\/strong> in <strong>Bassano<\/strong> aber bitte immer daran, bewusst zu trinken. Andernfalls k\u00f6nnten Sie mit den italienischen Beh\u00f6rden in Konflikt geraten, wenn Sie trotz \u00dcberschreitung der 0,5-Promille-Grenze mit dem Auto fahren.<\/p>\t\t\t\t\t\t<\/div>\n\t\t\t\t<\/div>\n\t\t\t\t\t<\/div>\n\t\t<\/div>\n\t\t\t\t\t<\/div>\n\t\t<\/section>\n\t\t\t\t<\/div>\n\t\t","protected":false},"excerpt":{"rendered":"<p>Wenn Sie Bassano besuchen, sollten Sie unbedingt die Weing\u00fcter besuchen. Sie haben in keiner anderen Region Italiens die M\u00f6glichkeit, so viele Weing\u00fcter zu besuchen wie in Venetien. Es stehen Hunderte von Winzern bereit, die Sie \u2013 in der Hoffnung, Ihnen ein paar Flaschen Wein zu verkaufen \u2013 von ihrem Wein kosten lassen m\u00f6chten. Es ist &#8230; <a title=\"Hier trinkt man den besten Prosecco Italiens\" class=\"read-more\" href=\"https:\/\/adayinbassano.com\/de\/die-10-besten-dinge-die-man-in-bassano-del-grappa-tun-kann\/ein-besuch-in-den-weingueter-der-prosecco-region\/\" aria-label=\"Mehr dazu unter Hier trinkt man den besten Prosecco Italiens\">Weiterlesen<\/a><\/p>\n","protected":false},"author":3,"featured_media":2901,"parent":4346,"menu_order":0,"comment_status":"closed","ping_status":"closed","template":"elementor_header_footer","meta":{"_acf_changed":false,"_monsterinsights_skip_tracking":false,"_monsterinsights_sitenote_active":false,"_monsterinsights_sitenote_note":"","_monsterinsights_sitenote_category":0,"_joinchat":[],"footnotes":""},"acf":[],"_links":{"self":[{"href":"https:\/\/adayinbassano.com\/de\/wp-json\/wp\/v2\/pages\/4355"}],"collection":[{"href":"https:\/\/adayinbassano.com\/de\/wp-json\/wp\/v2\/pages"}],"about":[{"href":"https:\/\/adayinbassano.com\/de\/wp-json\/wp\/v2\/types\/page"}],"author":[{"embeddable":true,"href":"https:\/\/adayinbassano.com\/de\/wp-json\/wp\/v2\/users\/3"}],"replies":[{"embeddable":true,"href":"https:\/\/adayinbassano.com\/de\/wp-json\/wp\/v2\/comments?post=4355"}],"version-history":[{"count":6,"href":"https:\/\/adayinbassano.com\/de\/wp-json\/wp\/v2\/pages\/4355\/revisions"}],"predecessor-version":[{"id":4807,"href":"https:\/\/adayinbassano.com\/de\/wp-json\/wp\/v2\/pages\/4355\/revisions\/4807"}],"up":[{"embeddable":true,"href":"https:\/\/adayinbassano.com\/de\/wp-json\/wp\/v2\/pages\/4346"}],"wp:featuredmedia":[{"embeddable":true,"href":"https:\/\/adayinbassano.com\/de\/wp-json\/wp\/v2\/media\/2901"}],"wp:attachment":[{"href":"https:\/\/adayinbassano.com\/de\/wp-json\/wp\/v2\/media?parent=4355"}],"curies":[{"name":"wp","href":"https:\/\/api.w.org\/{rel}","templated":true}]}}