{"id":4354,"date":"2021-04-04T00:51:00","date_gmt":"2021-04-03T22:51:00","guid":{"rendered":"https:\/\/adayinbassano.com\/?page_id=4354"},"modified":"2021-05-03T12:17:29","modified_gmt":"2021-05-03T10:17:29","slug":"tagesausfluege-von-bassano-nach-venedig-und-in-andere-kunststaedte","status":"publish","type":"page","link":"https:\/\/adayinbassano.com\/de\/die-10-besten-dinge-die-man-in-bassano-del-grappa-tun-kann\/tagesausfluege-von-bassano-nach-venedig-und-in-andere-kunststaedte\/","title":{"rendered":"Was rund um Bassano del Grappa zu besuchen"},"content":{"rendered":"\t\t<div data-elementor-type=\"wp-page\" data-elementor-id=\"4354\" class=\"elementor elementor-4354\" data-elementor-post-type=\"page\">\n\t\t\t\t\t\t<section class=\"elementor-section elementor-top-section elementor-element elementor-element-132d13e2 elementor-section-boxed elementor-section-height-default elementor-section-height-default\" data-id=\"132d13e2\" data-element_type=\"section\" data-settings=\"{&quot;background_background&quot;:&quot;classic&quot;}\">\n\t\t\t\t\t\t<div class=\"elementor-container elementor-column-gap-default\">\n\t\t\t\t\t<div class=\"elementor-column elementor-col-100 elementor-top-column elementor-element elementor-element-41a345c6\" data-id=\"41a345c6\" data-element_type=\"column\">\n\t\t\t<div class=\"elementor-widget-wrap elementor-element-populated\">\n\t\t\t\t\t\t<div class=\"elementor-element elementor-element-37408a1 elementor-widget elementor-widget-image\" data-id=\"37408a1\" data-element_type=\"widget\" data-widget_type=\"image.default\">\n\t\t\t\t<div class=\"elementor-widget-container\">\n\t\t\t<style>\/*! elementor - v3.21.0 - 26-05-2024 *\/\n.elementor-widget-image{text-align:center}.elementor-widget-image a{display:inline-block}.elementor-widget-image a img[src$=\".svg\"]{width:48px}.elementor-widget-image img{vertical-align:middle;display:inline-block}<\/style>\t\t\t\t\t\t\t\t\t\t<img fetchpriority=\"high\" decoding=\"async\" width=\"2048\" height=\"1153\" src=\"https:\/\/adayinbassano.com\/wp-content\/uploads\/2021\/03\/venice.jpg\" class=\"attachment-full size-full wp-image-2910\" alt=\"\" srcset=\"https:\/\/adayinbassano.com\/wp-content\/uploads\/2021\/03\/venice.jpg 2048w, https:\/\/adayinbassano.com\/wp-content\/uploads\/2021\/03\/venice-300x169.jpg 300w, https:\/\/adayinbassano.com\/wp-content\/uploads\/2021\/03\/venice-1024x577.jpg 1024w, https:\/\/adayinbassano.com\/wp-content\/uploads\/2021\/03\/venice-768x432.jpg 768w, https:\/\/adayinbassano.com\/wp-content\/uploads\/2021\/03\/venice-1536x865.jpg 1536w, https:\/\/adayinbassano.com\/wp-content\/uploads\/2021\/03\/venice-440x248.jpg 440w, https:\/\/adayinbassano.com\/wp-content\/uploads\/2021\/03\/venice-600x338.jpg 600w\" sizes=\"(max-width: 2048px) 100vw, 2048px\" \/>\t\t\t\t\t\t\t\t\t\t\t\t\t<\/div>\n\t\t\t\t<\/div>\n\t\t\t\t<div class=\"elementor-element elementor-element-6a5d002 elementor-widget elementor-widget-image\" data-id=\"6a5d002\" data-element_type=\"widget\" data-widget_type=\"image.default\">\n\t\t\t\t<div class=\"elementor-widget-container\">\n\t\t\t\t\t\t\t\t\t\t\t\t\t<img decoding=\"async\" width=\"551\" height=\"371\" src=\"https:\/\/adayinbassano.com\/wp-content\/uploads\/2021\/04\/Venetian-Gondola.png\" class=\"attachment-full size-full wp-image-4193\" alt=\"\" srcset=\"https:\/\/adayinbassano.com\/wp-content\/uploads\/2021\/04\/Venetian-Gondola.png 551w, https:\/\/adayinbassano.com\/wp-content\/uploads\/2021\/04\/Venetian-Gondola-300x202.png 300w, https:\/\/adayinbassano.com\/wp-content\/uploads\/2021\/04\/Venetian-Gondola-440x296.png 440w\" sizes=\"(max-width: 551px) 100vw, 551px\" \/>\t\t\t\t\t\t\t\t\t\t\t\t\t<\/div>\n\t\t\t\t<\/div>\n\t\t\t\t<div class=\"elementor-element elementor-element-6cf44557 elementor-widget elementor-widget-text-editor\" data-id=\"6cf44557\" data-element_type=\"widget\" data-widget_type=\"text-editor.default\">\n\t\t\t\t<div class=\"elementor-widget-container\">\n\t\t\t<style>\/*! elementor - v3.21.0 - 26-05-2024 *\/\n.elementor-widget-text-editor.elementor-drop-cap-view-stacked .elementor-drop-cap{background-color:#69727d;color:#fff}.elementor-widget-text-editor.elementor-drop-cap-view-framed .elementor-drop-cap{color:#69727d;border:3px solid;background-color:transparent}.elementor-widget-text-editor:not(.elementor-drop-cap-view-default) .elementor-drop-cap{margin-top:8px}.elementor-widget-text-editor:not(.elementor-drop-cap-view-default) .elementor-drop-cap-letter{width:1em;height:1em}.elementor-widget-text-editor .elementor-drop-cap{float:left;text-align:center;line-height:1;font-size:50px}.elementor-widget-text-editor .elementor-drop-cap-letter{display:inline-block}<\/style>\t\t\t\t<p>Die Verbindung von Bassano nach Venedig ist sehr gut: Die Z\u00fcge von Bassano nach Venedig und umgekehrt fahren n\u00e4mlich <a href=\"https:\/\/www.trenitalia.com\/content\/dam\/tcom\/allegati\/trenitalia_2014\/informazioni\/orario_digitale\/V14_S_2019.pdf\">st\u00fcndlich<\/a>. Wenn Sie <strong>Bassano<\/strong> <strong>besuchen<\/strong>, k\u00f6nnen Sie vom Bahnhof aus generell sehr bequem alle italienischen St\u00e4dte bereisen.<\/p><p>Als Tourist sollten Sie unbedingt einmal Venedig gesehen haben. Da die Stadt relativ klein ist und in den allermeisten F\u00e4llen nur \u00fcber einen Tagesausflug besichtigt werden kann, entscheiden sich viele Reisende dazu, in einem nahe gelegenen, <a href=\"https:\/\/adayinbassano.com\/de\/our-rooms\/\">g\u00fcnstigeren Ort<\/a> wie Bassano unterzukommen, um Venedig dann ganz bequem \u00fcber einen Tagesausflug mit dem Zug zu bereisen.<\/p><p>Venedig ist mit seinen vielen Kan\u00e4len und wenigen Stra\u00dfen nicht so gut f\u00fcr Autos geeignet \u2013 zumal die Parkgeb\u00fchren auch noch sehr hoch sind. Die italienische Bahngesellschaft \u201e<a href=\"https:\/\/www.trenitalia.com\/\">Trenitalia<\/a>\u201c leistet mit ihrem Fahrplan gute Abhilfe, indem sie gute Verbindungen von und zum Bahnhof von Bassano aufgestellt hat.<\/p><p>Wir empfehlen Ihnen, in Venedig das \u201ej\u00fcdischen Viertel\u201c zu besuchen. Da es nicht so sehr mit Touristen \u00fcberf\u00fcllt ist, vermittelt es Ihnen ein sehr authentisches Gef\u00fchl. Sie k\u00f6nnen ganz gem\u00fctlich am Kanalufer im koscheren Restaurant \u201eGam Gam\u201c essen gehen. Die Preise sind erschwinglich und das Essen ist fantastisch. Geheimtipp: Probieren Sie die frittieren Artischocken. Und wenn Sie etwas gehobener essen m\u00f6chten, k\u00f6nnen wir Ihnen das exklusive \u201e<a href=\"http:\/\/www.murovenezia.com\/en\/\">Muro-Restaurant<\/a>\u201c empfehlen.<\/p><p>Neben Venedig gibt es noch andere nahe gelegene Kunstst\u00e4dte, die Sie bereisen k\u00f6nnen: Zum Beispiel Padua mit seiner beeindruckenden Basilika, die dem heiligen Antonius gewidmet ist oder Vicenza mit den Meisterwerken von Andrea Palladio. Aber auch die wundersch\u00f6ne Stadt Treviso, von deren Flughafen aus Sie sehr g\u00fcnstig in alle europ\u00e4ischen L\u00e4nder reisen k\u00f6nnen.<\/p><p>Mehr Inspirationen erhalten Sie auf der Website <a href=\"http:\/\/www.veneto360.land\/\">www.veneto360.land<\/a>.<\/p><p>Im Norden, au\u00dferhalb der Region von Venetien, gelangen Sie in die Bergregion Trentino-S\u00fcdtirol, in der sich die deutschsprachige Provinz S\u00fcdtirol befindet. In der Region, welche \u00fcberwiegend von der \u00f6sterreichischen Kultur gekennzeichnet ist, haben Sie in den St\u00e4dten Bozen und Meran u. a. die M\u00f6glichkeit, wirklich sehr gute Weihnachtsm\u00e4rkte besuchen.<\/p><p>Weiter \u00f6stlich befindet sich die Regio Friuli-Venezia Giulia mit ihren St\u00e4dten Udine und das sch\u00f6ne Triest, welche besonders kennzeichnet, dass sich in Italiens \u00f6stlichster Stadt an der Adria sowohl italienische, \u00f6sterreichische als osteurop\u00e4ische Einfl\u00fcsse architektonisch, sprachlich, kulinarisch und in ihren Traditionen vermischen. Wenn Sie <strong>Bassano<\/strong> <strong>besuchen<\/strong>, lohnt es sich, Ihre Reise auf die Regionen au\u00dferhalb von Venetien zu erweitern.<\/p><p>Bassano ist der ideale Standort, um viele wundersch\u00f6ne italienische St\u00e4dte zu erkunden, die sich abseits der \u00fcblichen Touristenpfade befinden. Sie k\u00f6nnen von Bassano aus ganz bequem mit dem Zug oder Mietwagen einige der interessantesten St\u00e4dte Europas abseits der von Touristen \u00fcberfluteten St\u00e4dte Florenz, Rom und Mailand besuchen.<\/p>\t\t\t\t\t\t<\/div>\n\t\t\t\t<\/div>\n\t\t\t\t\t<\/div>\n\t\t<\/div>\n\t\t\t\t\t<\/div>\n\t\t<\/section>\n\t\t\t\t<\/div>\n\t\t","protected":false},"excerpt":{"rendered":"<p>Die Verbindung von Bassano nach Venedig ist sehr gut: Die Z\u00fcge von Bassano nach Venedig und umgekehrt fahren n\u00e4mlich st\u00fcndlich. Wenn Sie Bassano besuchen, k\u00f6nnen Sie vom Bahnhof aus generell sehr bequem alle italienischen St\u00e4dte bereisen. Als Tourist sollten Sie unbedingt einmal Venedig gesehen haben. Da die Stadt relativ klein ist und in den allermeisten &#8230; <a title=\"Was rund um Bassano del Grappa zu besuchen\" class=\"read-more\" href=\"https:\/\/adayinbassano.com\/de\/die-10-besten-dinge-die-man-in-bassano-del-grappa-tun-kann\/tagesausfluege-von-bassano-nach-venedig-und-in-andere-kunststaedte\/\" aria-label=\"Mehr dazu unter Was rund um Bassano del Grappa zu besuchen\">Weiterlesen<\/a><\/p>\n","protected":false},"author":3,"featured_media":2910,"parent":4346,"menu_order":0,"comment_status":"closed","ping_status":"closed","template":"elementor_header_footer","meta":{"_acf_changed":false,"_monsterinsights_skip_tracking":false,"_monsterinsights_sitenote_active":false,"_monsterinsights_sitenote_note":"","_monsterinsights_sitenote_category":0,"_joinchat":[],"footnotes":""},"acf":[],"_links":{"self":[{"href":"https:\/\/adayinbassano.com\/de\/wp-json\/wp\/v2\/pages\/4354"}],"collection":[{"href":"https:\/\/adayinbassano.com\/de\/wp-json\/wp\/v2\/pages"}],"about":[{"href":"https:\/\/adayinbassano.com\/de\/wp-json\/wp\/v2\/types\/page"}],"author":[{"embeddable":true,"href":"https:\/\/adayinbassano.com\/de\/wp-json\/wp\/v2\/users\/3"}],"replies":[{"embeddable":true,"href":"https:\/\/adayinbassano.com\/de\/wp-json\/wp\/v2\/comments?post=4354"}],"version-history":[{"count":9,"href":"https:\/\/adayinbassano.com\/de\/wp-json\/wp\/v2\/pages\/4354\/revisions"}],"predecessor-version":[{"id":4813,"href":"https:\/\/adayinbassano.com\/de\/wp-json\/wp\/v2\/pages\/4354\/revisions\/4813"}],"up":[{"embeddable":true,"href":"https:\/\/adayinbassano.com\/de\/wp-json\/wp\/v2\/pages\/4346"}],"wp:featuredmedia":[{"embeddable":true,"href":"https:\/\/adayinbassano.com\/de\/wp-json\/wp\/v2\/media\/2910"}],"wp:attachment":[{"href":"https:\/\/adayinbassano.com\/de\/wp-json\/wp\/v2\/media?parent=4354"}],"curies":[{"name":"wp","href":"https:\/\/api.w.org\/{rel}","templated":true}]}}