{"id":4353,"date":"2021-04-04T00:51:04","date_gmt":"2021-04-03T22:51:04","guid":{"rendered":"https:\/\/adayinbassano.com\/?page_id=4353"},"modified":"2021-05-03T11:59:54","modified_gmt":"2021-05-03T09:59:54","slug":"eine-uebernachtung-in-der-mittelalterlichen-burg-relais-nel-castello","status":"publish","type":"page","link":"https:\/\/adayinbassano.com\/de\/die-10-besten-dinge-die-man-in-bassano-del-grappa-tun-kann\/eine-uebernachtung-in-der-mittelalterlichen-burg-relais-nel-castello\/","title":{"rendered":"Eine \u00dcbernachtung in der mittelalterlichen Burg \u201eRelais nel Castello\u201c"},"content":{"rendered":"\t\t<div data-elementor-type=\"wp-page\" data-elementor-id=\"4353\" class=\"elementor elementor-4353\" data-elementor-post-type=\"page\">\n\t\t\t\t\t\t<section class=\"elementor-section elementor-top-section elementor-element elementor-element-6c750c18 elementor-section-boxed elementor-section-height-default elementor-section-height-default\" data-id=\"6c750c18\" data-element_type=\"section\" data-settings=\"{&quot;background_background&quot;:&quot;classic&quot;}\">\n\t\t\t\t\t\t<div class=\"elementor-container elementor-column-gap-default\">\n\t\t\t\t\t<div class=\"elementor-column elementor-col-100 elementor-top-column elementor-element elementor-element-fabad16\" data-id=\"fabad16\" data-element_type=\"column\">\n\t\t\t<div class=\"elementor-widget-wrap elementor-element-populated\">\n\t\t\t\t\t\t<div class=\"elementor-element elementor-element-bdfbcff elementor-widget elementor-widget-image\" data-id=\"bdfbcff\" data-element_type=\"widget\" data-widget_type=\"image.default\">\n\t\t\t\t<div class=\"elementor-widget-container\">\n\t\t\t<style>\/*! elementor - v3.21.0 - 26-05-2024 *\/\n.elementor-widget-image{text-align:center}.elementor-widget-image a{display:inline-block}.elementor-widget-image a img[src$=\".svg\"]{width:48px}.elementor-widget-image img{vertical-align:middle;display:inline-block}<\/style>\t\t\t\t\t\t\t\t\t\t<img fetchpriority=\"high\" decoding=\"async\" width=\"2048\" height=\"975\" src=\"https:\/\/adayinbassano.com\/wp-content\/uploads\/2021\/03\/moodboardrelais-2.jpg\" class=\"attachment-full size-full wp-image-4391\" alt=\"\" srcset=\"https:\/\/adayinbassano.com\/wp-content\/uploads\/2021\/03\/moodboardrelais-2.jpg 2048w, https:\/\/adayinbassano.com\/wp-content\/uploads\/2021\/03\/moodboardrelais-2-300x143.jpg 300w, https:\/\/adayinbassano.com\/wp-content\/uploads\/2021\/03\/moodboardrelais-2-1024x488.jpg 1024w, https:\/\/adayinbassano.com\/wp-content\/uploads\/2021\/03\/moodboardrelais-2-768x366.jpg 768w, https:\/\/adayinbassano.com\/wp-content\/uploads\/2021\/03\/moodboardrelais-2-1536x731.jpg 1536w, https:\/\/adayinbassano.com\/wp-content\/uploads\/2021\/03\/moodboardrelais-2-440x209.jpg 440w\" sizes=\"(max-width: 2048px) 100vw, 2048px\" \/>\t\t\t\t\t\t\t\t\t\t\t\t\t<\/div>\n\t\t\t\t<\/div>\n\t\t\t\t<div class=\"elementor-element elementor-element-db9ef41 elementor-widget elementor-widget-image\" data-id=\"db9ef41\" data-element_type=\"widget\" data-widget_type=\"image.default\">\n\t\t\t\t<div class=\"elementor-widget-container\">\n\t\t\t\t\t\t\t\t\t\t\t\t\t<img decoding=\"async\" width=\"551\" height=\"371\" src=\"https:\/\/adayinbassano.com\/wp-content\/uploads\/2021\/04\/character-lying-comfortably.png\" class=\"attachment-full size-full wp-image-4200\" alt=\"\" srcset=\"https:\/\/adayinbassano.com\/wp-content\/uploads\/2021\/04\/character-lying-comfortably.png 551w, https:\/\/adayinbassano.com\/wp-content\/uploads\/2021\/04\/character-lying-comfortably-300x202.png 300w, https:\/\/adayinbassano.com\/wp-content\/uploads\/2021\/04\/character-lying-comfortably-440x296.png 440w\" sizes=\"(max-width: 551px) 100vw, 551px\" \/>\t\t\t\t\t\t\t\t\t\t\t\t\t<\/div>\n\t\t\t\t<\/div>\n\t\t\t\t<div class=\"elementor-element elementor-element-54c9824a elementor-widget elementor-widget-text-editor\" data-id=\"54c9824a\" data-element_type=\"widget\" data-widget_type=\"text-editor.default\">\n\t\t\t\t<div class=\"elementor-widget-container\">\n\t\t\t<style>\/*! elementor - v3.21.0 - 26-05-2024 *\/\n.elementor-widget-text-editor.elementor-drop-cap-view-stacked .elementor-drop-cap{background-color:#69727d;color:#fff}.elementor-widget-text-editor.elementor-drop-cap-view-framed .elementor-drop-cap{color:#69727d;border:3px solid;background-color:transparent}.elementor-widget-text-editor:not(.elementor-drop-cap-view-default) .elementor-drop-cap{margin-top:8px}.elementor-widget-text-editor:not(.elementor-drop-cap-view-default) .elementor-drop-cap-letter{width:1em;height:1em}.elementor-widget-text-editor .elementor-drop-cap{float:left;text-align:center;line-height:1;font-size:50px}.elementor-widget-text-editor .elementor-drop-cap-letter{display:inline-block}<\/style>\t\t\t\t<p>Das Schloss der Ezzelini tr\u00e4gt den Namen der m\u00e4chtigen Ezzelini-Familie, welche im Mittelalter \u00fcber die Stadt und die umliegenden L\u00e4ndereien herrschte. Das Schloss mit seinen Mauern und seinem Turm bildet heute noch einen wichtigen Bestandteil der Stadt.<\/p><p>Wenn Sie bei Ihrem <strong>Besuch<\/strong> in <strong>Bassano<\/strong> auf der Suche nach einem <a href=\"https:\/\/adayinbassano.com\/de\/our-rooms\/\">ausgezeichneten Airbnb<\/a> sind, sind Sie gut beraten, in dem Turm des \u201e<a href=\"https:\/\/adayinbassano.com\/en\/accommodation\/relais-nel-castello-flat-in-the-medieval-tower\/\">Relais nel Castello<\/a>\u201c zu n\u00e4chtigen. Er bietet Ihnen ein einzigartiges und unvergessliches Erlebnis.<\/p><p>Es ist nicht nur die mittelalterliche Burg und die sch\u00f6ne Designer-Einrichtung, sondern vor allem der atemberaubende Ausblick \u2013 den Sie durch kleine, originalgetreue Fenster auf die Berge haben \u2013, welche die Unterkunft zu einer Bleibe der ganz besonderen Art machen.<\/p><p>Sie m\u00fcssen es selbst erleben, aber so viel k\u00f6nnen wir verraten: Der Aufenthalt in der Burg wird Ihrem Urlaub ganz sicher das i-T\u00fcpfelchen aufsetzen \u2013 sie werden mit Sicherheit von einem atemberaubenden Aufenthalt schw\u00e4rmen, den Sie so schnell nicht wieder vergessen werden.<\/p>\t\t\t\t\t\t<\/div>\n\t\t\t\t<\/div>\n\t\t\t\t<div class=\"elementor-element elementor-element-edd9225 elementor-widget elementor-widget-video\" data-id=\"edd9225\" data-element_type=\"widget\" data-settings=\"{&quot;youtube_url&quot;:&quot;https:\\\/\\\/www.youtube.com\\\/watch?v=8n3CMzb3p7U&quot;,&quot;lazy_load&quot;:&quot;yes&quot;,&quot;show_image_overlay&quot;:&quot;yes&quot;,&quot;image_overlay&quot;:{&quot;url&quot;:&quot;https:\\\/\\\/adayinbassano.com\\\/wp-content\\\/uploads\\\/2021\\\/03\\\/moodboardrelais-2.jpg&quot;,&quot;id&quot;:3238,&quot;size&quot;:&quot;&quot;},&quot;lightbox&quot;:&quot;yes&quot;,&quot;video_type&quot;:&quot;youtube&quot;,&quot;controls&quot;:&quot;yes&quot;}\" data-widget_type=\"video.default\">\n\t\t\t\t<div class=\"elementor-widget-container\">\n\t\t\t<style>\/*! elementor - v3.21.0 - 26-05-2024 *\/\n.elementor-widget-video .elementor-widget-container{overflow:hidden;transform:translateZ(0)}.elementor-widget-video .elementor-wrapper{aspect-ratio:var(--video-aspect-ratio)}.elementor-widget-video .elementor-wrapper iframe,.elementor-widget-video .elementor-wrapper video{height:100%;width:100%;display:flex;border:none;background-color:#000}@supports not (aspect-ratio:1\/1){.elementor-widget-video .elementor-wrapper{position:relative;overflow:hidden;height:0;padding-bottom:calc(100% \/ var(--video-aspect-ratio))}.elementor-widget-video .elementor-wrapper iframe,.elementor-widget-video .elementor-wrapper video{position:absolute;top:0;right:0;bottom:0;left:0}}.elementor-widget-video .elementor-open-inline .elementor-custom-embed-image-overlay{position:absolute;top:0;right:0;bottom:0;left:0;background-size:cover;background-position:50%}.elementor-widget-video .elementor-custom-embed-image-overlay{cursor:pointer;text-align:center}.elementor-widget-video .elementor-custom-embed-image-overlay:hover .elementor-custom-embed-play i{opacity:1}.elementor-widget-video .elementor-custom-embed-image-overlay img{display:block;width:100%;aspect-ratio:var(--video-aspect-ratio);-o-object-fit:cover;object-fit:cover;-o-object-position:center center;object-position:center center}@supports not (aspect-ratio:1\/1){.elementor-widget-video .elementor-custom-embed-image-overlay{position:relative;overflow:hidden;height:0;padding-bottom:calc(100% \/ var(--video-aspect-ratio))}.elementor-widget-video .elementor-custom-embed-image-overlay img{position:absolute;top:0;right:0;bottom:0;left:0}}.elementor-widget-video .e-hosted-video .elementor-video{-o-object-fit:cover;object-fit:cover}.e-con-inner>.elementor-widget-video,.e-con>.elementor-widget-video{width:var(--container-widget-width);--flex-grow:var(--container-widget-flex-grow)}<\/style>\t\t<div class=\"elementor-wrapper elementor-open-lightbox\">\n\t\t\t\t\t\t\t<div class=\"elementor-custom-embed-image-overlay\" data-elementor-open-lightbox=\"yes\" data-elementor-lightbox=\"{&quot;type&quot;:&quot;video&quot;,&quot;videoType&quot;:&quot;youtube&quot;,&quot;url&quot;:&quot;https:\\\/\\\/www.youtube.com\\\/embed\\\/8n3CMzb3p7U?feature=oembed&amp;start&amp;end&amp;wmode=opaque&amp;loop=0&amp;controls=1&amp;mute=0&amp;rel=0&amp;modestbranding=0&quot;,&quot;modalOptions&quot;:{&quot;id&quot;:&quot;elementor-lightbox-edd9225&quot;,&quot;entranceAnimation&quot;:&quot;&quot;,&quot;entranceAnimation_tablet&quot;:&quot;&quot;,&quot;entranceAnimation_mobile&quot;:&quot;&quot;,&quot;videoAspectRatio&quot;:null}}\" data-e-action-hash=\"#elementor-action%3Aaction%3Dlightbox%26settings%3DeyJ0eXBlIjoidmlkZW8iLCJ2aWRlb1R5cGUiOiJ5b3V0dWJlIiwidXJsIjoiaHR0cHM6XC9cL3d3dy55b3V0dWJlLmNvbVwvZW1iZWRcLzhuM0NNemIzcDdVP2ZlYXR1cmU9b2VtYmVkJnN0YXJ0JmVuZCZ3bW9kZT1vcGFxdWUmbG9vcD0wJmNvbnRyb2xzPTEmbXV0ZT0wJnJlbD0wJm1vZGVzdGJyYW5kaW5nPTAiLCJtb2RhbE9wdGlvbnMiOnsiaWQiOiJlbGVtZW50b3ItbGlnaHRib3gtZWRkOTIyNSIsImVudHJhbmNlQW5pbWF0aW9uIjoiIiwiZW50cmFuY2VBbmltYXRpb25fdGFibGV0IjoiIiwiZW50cmFuY2VBbmltYXRpb25fbW9iaWxlIjoiIiwidmlkZW9Bc3BlY3RSYXRpbyI6bnVsbH19\">\n\t\t\t\t\t\t\t\t\t\t\t<img decoding=\"async\" width=\"2048\" height=\"975\" src=\"https:\/\/adayinbassano.com\/wp-content\/uploads\/2021\/03\/moodboardrelais-2.jpg\" class=\"attachment-full size-full wp-image-3238\" alt=\"\" srcset=\"https:\/\/adayinbassano.com\/wp-content\/uploads\/2021\/03\/moodboardrelais-2.jpg 2048w, https:\/\/adayinbassano.com\/wp-content\/uploads\/2021\/03\/moodboardrelais-2-300x143.jpg 300w, https:\/\/adayinbassano.com\/wp-content\/uploads\/2021\/03\/moodboardrelais-2-1024x488.jpg 1024w, https:\/\/adayinbassano.com\/wp-content\/uploads\/2021\/03\/moodboardrelais-2-768x366.jpg 768w, https:\/\/adayinbassano.com\/wp-content\/uploads\/2021\/03\/moodboardrelais-2-1536x731.jpg 1536w, https:\/\/adayinbassano.com\/wp-content\/uploads\/2021\/03\/moodboardrelais-2-440x209.jpg 440w\" sizes=\"(max-width: 2048px) 100vw, 2048px\" \/>\t\t\t\t\t\t\t\t\t\t\t\t\t\t\t\t<div class=\"elementor-custom-embed-play\" role=\"button\" aria-label=\"Video abspielen\" tabindex=\"0\">\n\t\t\t\t\t\t\t<svg aria-hidden=\"true\" class=\"e-font-icon-svg e-eicon-play\" viewBox=\"0 0 1000 1000\" xmlns=\"http:\/\/www.w3.org\/2000\/svg\"><path d=\"M838 162C746 71 633 25 500 25 371 25 258 71 163 162 71 254 25 367 25 500 25 633 71 746 163 837 254 929 367 979 500 979 633 979 746 933 838 837 929 746 975 633 975 500 975 367 929 254 838 162M808 192C892 279 933 379 933 500 933 621 892 725 808 808 725 892 621 938 500 938 379 938 279 896 196 808 113 725 67 621 67 500 67 379 108 279 196 192 279 108 383 62 500 62 621 62 721 108 808 192M438 392V642L642 517 438 392Z\"><\/path><\/svg>\t\t\t\t\t\t\t<span class=\"elementor-screen-only\">Video abspielen<\/span>\n\t\t\t\t\t\t<\/div>\n\t\t\t\t\t\t\t\t\t<\/div>\n\t\t\t\t\t<\/div>\n\t\t\t\t<\/div>\n\t\t\t\t<\/div>\n\t\t\t\t<div class=\"elementor-element elementor-element-1cdcd19 elementor-widget elementor-widget-text-editor\" data-id=\"1cdcd19\" data-element_type=\"widget\" data-widget_type=\"text-editor.default\">\n\t\t\t\t<div class=\"elementor-widget-container\">\n\t\t\t\t\t\t\t<p>Wenn Sie mehr \u00fcber das Beste aus Bassano erfahren m\u00f6chten, sollten Sie unseren <a href=\"https:\/\/www.slideshare.net\/MatteoRigo1\/insiders-tourist-guide-to-visit-bassano-del-grappa-what-to-do-where-to-go?qid=a7b84276-76bf-4d31-8726-a76cd45ebf47&amp;v=&amp;b=&amp;from_search=1\">Insider-Reisef\u00fchrer f\u00fcr Bassano del Grappa<\/a> lesen.<\/p>\t\t\t\t\t\t<\/div>\n\t\t\t\t<\/div>\n\t\t\t\t\t<\/div>\n\t\t<\/div>\n\t\t\t\t\t<\/div>\n\t\t<\/section>\n\t\t\t\t<\/div>\n\t\t","protected":false},"excerpt":{"rendered":"<p>Das Schloss der Ezzelini tr\u00e4gt den Namen der m\u00e4chtigen Ezzelini-Familie, welche im Mittelalter \u00fcber die Stadt und die umliegenden L\u00e4ndereien herrschte. Das Schloss mit seinen Mauern und seinem Turm bildet heute noch einen wichtigen Bestandteil der Stadt. Wenn Sie bei Ihrem Besuch in Bassano auf der Suche nach einem ausgezeichneten Airbnb sind, sind Sie gut &#8230; <a title=\"Eine \u00dcbernachtung in der mittelalterlichen Burg \u201eRelais nel Castello\u201c\" class=\"read-more\" href=\"https:\/\/adayinbassano.com\/de\/die-10-besten-dinge-die-man-in-bassano-del-grappa-tun-kann\/eine-uebernachtung-in-der-mittelalterlichen-burg-relais-nel-castello\/\" aria-label=\"Mehr dazu unter Eine \u00dcbernachtung in der mittelalterlichen Burg \u201eRelais nel Castello\u201c\">Weiterlesen<\/a><\/p>\n","protected":false},"author":3,"featured_media":4391,"parent":4346,"menu_order":0,"comment_status":"closed","ping_status":"closed","template":"elementor_header_footer","meta":{"_acf_changed":false,"_monsterinsights_skip_tracking":false,"_monsterinsights_sitenote_active":false,"_monsterinsights_sitenote_note":"","_monsterinsights_sitenote_category":0,"_joinchat":[],"footnotes":""},"acf":[],"_links":{"self":[{"href":"https:\/\/adayinbassano.com\/de\/wp-json\/wp\/v2\/pages\/4353"}],"collection":[{"href":"https:\/\/adayinbassano.com\/de\/wp-json\/wp\/v2\/pages"}],"about":[{"href":"https:\/\/adayinbassano.com\/de\/wp-json\/wp\/v2\/types\/page"}],"author":[{"embeddable":true,"href":"https:\/\/adayinbassano.com\/de\/wp-json\/wp\/v2\/users\/3"}],"replies":[{"embeddable":true,"href":"https:\/\/adayinbassano.com\/de\/wp-json\/wp\/v2\/comments?post=4353"}],"version-history":[{"count":8,"href":"https:\/\/adayinbassano.com\/de\/wp-json\/wp\/v2\/pages\/4353\/revisions"}],"predecessor-version":[{"id":4808,"href":"https:\/\/adayinbassano.com\/de\/wp-json\/wp\/v2\/pages\/4353\/revisions\/4808"}],"up":[{"embeddable":true,"href":"https:\/\/adayinbassano.com\/de\/wp-json\/wp\/v2\/pages\/4346"}],"wp:featuredmedia":[{"embeddable":true,"href":"https:\/\/adayinbassano.com\/de\/wp-json\/wp\/v2\/media\/4391"}],"wp:attachment":[{"href":"https:\/\/adayinbassano.com\/de\/wp-json\/wp\/v2\/media?parent=4353"}],"curies":[{"name":"wp","href":"https:\/\/api.w.org\/{rel}","templated":true}]}}